{"id":760,"date":"2021-10-30T11:06:34","date_gmt":"2021-10-30T09:06:34","guid":{"rendered":"https:\/\/drxhosting.be\/hosting\/2324-flow\/?page_id=760"},"modified":"2026-04-20T09:52:33","modified_gmt":"2026-04-20T07:52:33","slug":"agence-immobiliere-flow-real-property","status":"publish","type":"page","link":"https:\/\/www.flowrealproperty.be\/en\/agence-immobiliere-flow-real-property\/","title":{"rendered":"Real Estate Agency Flow Real Property"},"content":{"rendered":"<section class=\"vc_section vc_custom_1705085385713 vc_section-has-fill\"><\/section><section class=\"vc_section vc_custom_1635591837484\"><div class=\"vc_row wpb_row vc_row-fluid\"><div class=\"wpb_column vc_column_container vc_col-sm-12\"><div class=\"vc_column-inner vc_custom_1635583119424\"><div class=\"wpb_wrapper\">\n\t<div class=\"wpb_text_column wpb_content_element\" >\n\t\t<div class=\"wpb_wrapper\">\n\t\t\t<h1 style=\"text-align: center;\">Estate agency in Grimbergen and municipalities in the north of Brussels<\/h1>\n<p style=\"text-align: center;\">Flow Real Property will assist you in selling, buying or renting a property.<br \/>\n<strong>Contact us for any questions!<\/strong><\/p>\n\n\t\t<\/div>\n\t<\/div>\n<\/div><\/div><\/div><\/div><\/section><section class=\"vc_section\"><div class=\"vc_row wpb_row vc_row-fluid boxedrow vc_column-gap-35 vc_row-o-equal-height vc_row-o-content-middle vc_row-flex\"><div class=\"wpb_column vc_column_container vc_col-sm-6 vc_col-has-fill\"><div class=\"vc_column-inner vc_custom_1707427156223\"><div class=\"wpb_wrapper\"><div class=\"vc_empty_space\"   style=\"height: 250px\"><span class=\"vc_empty_space_inner\"><\/span><\/div><\/div><\/div><\/div><div class=\"wpb_column vc_column_container vc_col-sm-6\"><div class=\"vc_column-inner vc_custom_1635585810349\"><div class=\"wpb_wrapper\">\n\t<div class=\"wpb_text_column wpb_content_element\" >\n\t\t<div class=\"wpb_wrapper\">\n\t\t\t<h5>Real estate differently<\/h5>\n\n\t\t<\/div>\n\t<\/div>\n\n\t<div class=\"wpb_text_column wpb_content_element\" >\n\t\t<div class=\"wpb_wrapper\">\n\t\t\t<p>Our main aim is to make a difference in the real estate approach which too often forgets the human dimension.<\/p>\n\n\t\t<\/div>\n\t<\/div>\n<div class=\"vc_empty_space\"   style=\"height: 32px\"><span class=\"vc_empty_space_inner\"><\/span><\/div>\n\t<div class=\"wpb_text_column wpb_content_element\" >\n\t\t<div class=\"wpb_wrapper\">\n\t\t\t<h5>Why FLOW?<\/h5>\n\n\t\t<\/div>\n\t<\/div>\n\n\t<div class=\"wpb_text_column wpb_content_element\" >\n\t\t<div class=\"wpb_wrapper\">\n\t\t\t<p>We are convinced that passion is essential to excel in our work. It is in this state of Flow, where we are fully immersed and focused on our projects, that we find our strength. This total immersion is the key to our success in over 93% of the assignments entrusted to us.<\/p>\n\n\t\t<\/div>\n\t<\/div>\n<\/div><\/div><\/div><\/div><\/section><section class=\"vc_section vc_custom_1639662416866\"><div class=\"vc_row wpb_row vc_row-fluid boxedrow vc_column-gap-35 vc_row-o-equal-height vc_row-o-content-middle vc_row-flex\"><div class=\"wpb_column vc_column_container vc_col-sm-6\"><div class=\"vc_column-inner vc_custom_1635585810349\"><div class=\"wpb_wrapper\">\n\t<div class=\"wpb_text_column wpb_content_element  vc_custom_1639662580115\" >\n\t\t<div class=\"wpb_wrapper\">\n\t\t\t<h5 style=\"margin-bottom: 0px;\">Walid Skhiri<\/h5>\n<p>Branch Manager - IPI 513.850<\/p>\n\n\t\t<\/div>\n\t<\/div>\n\n\t<div class=\"wpb_text_column wpb_content_element  vc_custom_1705090115383\" >\n\t\t<div class=\"wpb_wrapper\">\n\t\t\t<p>With an undeniable passion for real estate, Walid is an enthusiastic and efficient real estate advisor who has devoted over 10 years to excelling in this field.<\/p>\n<p>His career has been marked by hundreds of successful transactions, testifying to his expertise and commitment to his clients.<\/p>\n\n\t\t<\/div>\n\t<\/div>\n\n\t<div class=\"wpb_text_column wpb_content_element\" >\n\t\t<div class=\"wpb_wrapper\">\n\t\t\t<p><strong>Telephone :<\/strong> +32 2 304 69 98<br \/>\n<strong>E-mail :<\/strong> w.skhiri@flowrealproperty.be<\/p>\n\n\t\t<\/div>\n\t<\/div>\n<\/div><\/div><\/div><div class=\"wpb_column vc_column_container vc_col-sm-6 vc_col-has-fill\"><div class=\"vc_column-inner vc_custom_1705086419864\"><div class=\"wpb_wrapper\"><div class=\"vc_empty_space\"   style=\"height: 300px\"><span class=\"vc_empty_space_inner\"><\/span><\/div><\/div><\/div><\/div><\/div><\/section><section class=\"vc_section vc_custom_1639662416866\"><div class=\"vc_row wpb_row vc_row-fluid boxedrow vc_column-gap-35 vc_row-o-equal-height vc_row-o-content-middle vc_row-flex\"><div class=\"wpb_column vc_column_container vc_col-sm-6\"><div class=\"vc_column-inner vc_custom_1635585810349\"><div class=\"wpb_wrapper\">\n\t<div class=\"wpb_text_column wpb_content_element  vc_custom_1759236527475\" >\n\t\t<div class=\"wpb_wrapper\">\n\t\t\t<h5 style=\"margin-bottom: 0px;\">Klaudia Klopotowska<\/h5>\n<p>Agent agr\u00e9\u00e9e IPI 515.599<\/p>\n\n\t\t<\/div>\n\t<\/div>\n\n\t<div class=\"wpb_text_column wpb_content_element  vc_custom_1759236912774\" >\n\t\t<div class=\"wpb_wrapper\">\n\t\t\t<p>Avec une exp\u00e9rience solide dans l\u2019immobilier depuis 2021, Klaudia a rejoint FLOW Real Property en 2024. Trilingue (fran\u00e7ais, polonais et anglais), elle s\u2019est sp\u00e9cialis\u00e9e en vente et en location et met son professionnalisme au service de chaque projet.<\/p>\n<p>Son sens du suivi personnalis\u00e9 et sa rigueur garantissent un accompagnement attentif et efficace pour chacun de ses clients.<\/p>\n\n\t\t<\/div>\n\t<\/div>\n\n\t<div class=\"wpb_text_column wpb_content_element\" >\n\t\t<div class=\"wpb_wrapper\">\n\t\t\t<p><strong>Telephone :<\/strong> +32 476 76 34 97<br \/>\n<strong>E-mail :<\/strong> k.klopotowska@flowrealproperty.be<\/p>\n\n\t\t<\/div>\n\t<\/div>\n<\/div><\/div><\/div><div class=\"wpb_column vc_column_container vc_col-sm-6 vc_col-has-fill\"><div class=\"vc_column-inner vc_custom_1759323780729\"><div class=\"wpb_wrapper\"><div class=\"vc_empty_space\"   style=\"height: 300px\"><span class=\"vc_empty_space_inner\"><\/span><\/div><\/div><\/div><\/div><\/div><\/section><section class=\"vc_section vc_custom_1639662416866\"><div class=\"vc_row wpb_row vc_row-fluid boxedrow vc_column-gap-35 vc_row-o-equal-height vc_row-o-content-middle vc_row-flex\"><div class=\"wpb_column vc_column_container vc_col-sm-6\"><div class=\"vc_column-inner vc_custom_1635585810349\"><div class=\"wpb_wrapper\">\n\t<div class=\"wpb_text_column wpb_content_element  vc_custom_1759236975924\" >\n\t\t<div class=\"wpb_wrapper\">\n\t\t\t<h5 style=\"margin-bottom: 0px;\">Hugo Heroes<\/h5>\n<p>Conseiller immobilier<\/p>\n\n\t\t<\/div>\n\t<\/div>\n\n\t<div class=\"wpb_text_column wpb_content_element  vc_custom_1759236986787\" >\n\t\t<div class=\"wpb_wrapper\">\n\t\t\t<p>Hugo a rejoint FLOW Real Property en 2025 en tant que conseiller immobilier. Bilingue (fran\u00e7ais et anglais), il s\u2019est sp\u00e9cialis\u00e9 en location et en marketing, domaines dans lesquels il met en avant son expertise et son sens de l\u2019organisation.<\/p>\n<p>Son approche professionnelle et efficace contribue \u00e0 valoriser les biens et \u00e0 assurer un suivi optimal pour chaque projet immobilier.<\/p>\n\n\t\t<\/div>\n\t<\/div>\n\n\t<div class=\"wpb_text_column wpb_content_element\" >\n\t\t<div class=\"wpb_wrapper\">\n\t\t\t<p><strong>Telephone :<\/strong> +32 492 12 07 66<br \/>\n<strong>E-mail :<\/strong> h.heroes@flowrealproperty.be<\/p>\n\n\t\t<\/div>\n\t<\/div>\n<\/div><\/div><\/div><div class=\"wpb_column vc_column_container vc_col-sm-6 vc_col-has-fill\"><div class=\"vc_column-inner vc_custom_1759323769341\"><div class=\"wpb_wrapper\"><div class=\"vc_empty_space\"   style=\"height: 300px\"><span class=\"vc_empty_space_inner\"><\/span><\/div><\/div><\/div><\/div><\/div><\/section><section class=\"vc_section vc_custom_1635585773050\"><div class=\"vc_row wpb_row vc_row-fluid\"><div class=\"wpb_column vc_column_container vc_col-sm-12\"><div class=\"vc_column-inner vc_custom_1635592016904\"><div class=\"wpb_wrapper\">\n\t<div class=\"wpb_text_column wpb_content_element\" >\n\t\t<div class=\"wpb_wrapper\">\n\t\t\t<h2 style=\"text-align: center;\">12 good reasons to choose us<\/h2>\n<p style=\"text-align: center;\">Every day we strive to provide you with the best possible service<\/p>\n\n\t\t<\/div>\n\t<\/div>\n<\/div><\/div><\/div><\/div><div class=\"vc_row wpb_row vc_row-fluid boxedrow\"><div class=\"wpb_column vc_column_container vc_col-sm-3\"><div class=\"vc_column-inner\"><div class=\"wpb_wrapper\">\n\t<div class=\"wpb_text_column wpb_content_element  vc_custom_1644583376584\" >\n\t\t<div class=\"wpb_wrapper\">\n\t\t\t<p><img loading=\"lazy\" decoding=\"async\" class=\"aligncenter size-full wp-image-785\" src=\"https:\/\/www.flowrealproperty.be\/wp-content\/uploads\/2021\/10\/1.png\" alt=\"Taille humaine\" width=\"50\" height=\"50\" \/><\/p>\n<p style=\"text-align: center;\">A company on a human scale<\/p>\n\n\t\t<\/div>\n\t<\/div>\n<\/div><\/div><\/div><div class=\"wpb_column vc_column_container vc_col-sm-3\"><div class=\"vc_column-inner\"><div class=\"wpb_wrapper\">\n\t<div class=\"wpb_text_column wpb_content_element  vc_custom_1644583395375\" >\n\t\t<div class=\"wpb_wrapper\">\n\t\t\t<p><img loading=\"lazy\" decoding=\"async\" class=\"aligncenter size-full wp-image-787\" src=\"https:\/\/www.flowrealproperty.be\/wp-content\/uploads\/2021\/10\/2.png\" alt=\"Flexibilit\u00e9\" width=\"50\" height=\"50\" \/><\/p>\n<p style=\"text-align: center;\">Total flexibility<\/p>\n\n\t\t<\/div>\n\t<\/div>\n<\/div><\/div><\/div><div class=\"wpb_column vc_column_container vc_col-sm-3\"><div class=\"vc_column-inner\"><div class=\"wpb_wrapper\">\n\t<div class=\"wpb_text_column wpb_content_element  vc_custom_1644583417121\" >\n\t\t<div class=\"wpb_wrapper\">\n\t\t\t<p><img loading=\"lazy\" decoding=\"async\" class=\"aligncenter size-full wp-image-786\" src=\"https:\/\/www.flowrealproperty.be\/wp-content\/uploads\/2021\/10\/3.png\" alt=\"Planification\" width=\"50\" height=\"50\" \/><\/p>\n<p style=\"text-align: center;\">Development of an appropriate result-oriented plan of attack<\/p>\n\n\t\t<\/div>\n\t<\/div>\n<\/div><\/div><\/div><div class=\"wpb_column vc_column_container vc_col-sm-3\"><div class=\"vc_column-inner\"><div class=\"wpb_wrapper\">\n\t<div class=\"wpb_text_column wpb_content_element  vc_custom_1644583430914\" >\n\t\t<div class=\"wpb_wrapper\">\n\t\t\t<p><img loading=\"lazy\" decoding=\"async\" class=\"aligncenter size-full wp-image-784\" src=\"https:\/\/www.flowrealproperty.be\/wp-content\/uploads\/2021\/10\/4.png\" alt=\"sinc\u00e9rit\u00e9\" width=\"50\" height=\"50\" \/><\/p>\n<p style=\"text-align: center;\">Sincerity of information given (if too expensive or not feasible)<\/p>\n\n\t\t<\/div>\n\t<\/div>\n<\/div><\/div><\/div><\/div><div class=\"vc_row wpb_row vc_row-fluid boxedrow\"><div class=\"wpb_column vc_column_container vc_col-sm-3\"><div class=\"vc_column-inner\"><div class=\"wpb_wrapper\">\n\t<div class=\"wpb_text_column wpb_content_element  vc_custom_1644583449101\" >\n\t\t<div class=\"wpb_wrapper\">\n\t\t\t<p><img loading=\"lazy\" decoding=\"async\" class=\"aligncenter size-full wp-image-783\" src=\"https:\/\/www.flowrealproperty.be\/wp-content\/uploads\/2021\/10\/5.png\" alt=\"long terme\" width=\"50\" height=\"50\" \/><\/p>\n<p style=\"text-align: center;\">Focus on long-term relationships and building trust<\/p>\n\n\t\t<\/div>\n\t<\/div>\n<\/div><\/div><\/div><div class=\"wpb_column vc_column_container vc_col-sm-3\"><div class=\"vc_column-inner\"><div class=\"wpb_wrapper\">\n\t<div class=\"wpb_text_column wpb_content_element  vc_custom_1644583458928\" >\n\t\t<div class=\"wpb_wrapper\">\n\t\t\t<p><img loading=\"lazy\" decoding=\"async\" class=\"aligncenter size-full wp-image-782\" src=\"https:\/\/www.flowrealproperty.be\/wp-content\/uploads\/2021\/10\/6.png\" alt=\"marketing\" width=\"50\" height=\"50\" \/><\/p>\n<p style=\"text-align: center;\">Use of the latest marketing technologies<\/p>\n\n\t\t<\/div>\n\t<\/div>\n<\/div><\/div><\/div><div class=\"wpb_column vc_column_container vc_col-sm-3\"><div class=\"vc_column-inner\"><div class=\"wpb_wrapper\">\n\t<div class=\"wpb_text_column wpb_content_element  vc_custom_1644583475235\" >\n\t\t<div class=\"wpb_wrapper\">\n\t\t\t<p><img loading=\"lazy\" decoding=\"async\" class=\"aligncenter size-full wp-image-788\" src=\"https:\/\/www.flowrealproperty.be\/wp-content\/uploads\/2021\/10\/7.png\" alt=\"Interlocuteur\" width=\"50\" height=\"50\" \/><\/p>\n<p style=\"text-align: center;\">1 contact person from start to finish: professional and personal approach<\/p>\n\n\t\t<\/div>\n\t<\/div>\n<\/div><\/div><\/div><div class=\"wpb_column vc_column_container vc_col-sm-3\"><div class=\"vc_column-inner\"><div class=\"wpb_wrapper\">\n\t<div class=\"wpb_text_column wpb_content_element  vc_custom_1644583498099\" >\n\t\t<div class=\"wpb_wrapper\">\n\t\t\t<p><img loading=\"lazy\" decoding=\"async\" class=\"aligncenter size-full wp-image-781\" src=\"https:\/\/www.flowrealproperty.be\/wp-content\/uploads\/2021\/10\/8.png\" alt=\"accompagnement\" width=\"50\" height=\"50\" \/><\/p>\n<p style=\"text-align: center;\">Support from A to Z: from the valuation of the property to the signing of the deed of sale or lease<\/p>\n\n\t\t<\/div>\n\t<\/div>\n<\/div><\/div><\/div><\/div><div class=\"vc_row wpb_row vc_row-fluid boxedrow\"><div class=\"wpb_column vc_column_container vc_col-sm-3\"><div class=\"vc_column-inner\"><div class=\"wpb_wrapper\">\n\t<div class=\"wpb_text_column wpb_content_element  vc_custom_1644583508876\" >\n\t\t<div class=\"wpb_wrapper\">\n\t\t\t<p><img loading=\"lazy\" decoding=\"async\" class=\"aligncenter size-full wp-image-780\" src=\"https:\/\/www.flowrealproperty.be\/wp-content\/uploads\/2021\/10\/9.png\" alt=\"juridique\" width=\"50\" height=\"50\" \/><\/p>\n<p style=\"text-align: center;\">Legal advice<\/p>\n\n\t\t<\/div>\n\t<\/div>\n<\/div><\/div><\/div><div class=\"wpb_column vc_column_container vc_col-sm-3\"><div class=\"vc_column-inner\"><div class=\"wpb_wrapper\">\n\t<div class=\"wpb_text_column wpb_content_element  vc_custom_1644583519428\" >\n\t\t<div class=\"wpb_wrapper\">\n\t\t\t<p><img loading=\"lazy\" decoding=\"async\" class=\"aligncenter size-full wp-image-779\" src=\"https:\/\/www.flowrealproperty.be\/wp-content\/uploads\/2021\/10\/10.png\" alt=\"7\/7\" width=\"50\" height=\"50\" \/><\/p>\n<p style=\"text-align: center;\">Available 7 days a week<\/p>\n\n\t\t<\/div>\n\t<\/div>\n<\/div><\/div><\/div><div class=\"wpb_column vc_column_container vc_col-sm-3\"><div class=\"vc_column-inner\"><div class=\"wpb_wrapper\">\n\t<div class=\"wpb_text_column wpb_content_element  vc_custom_1644583527728\" >\n\t\t<div class=\"wpb_wrapper\">\n\t\t\t<p><img loading=\"lazy\" decoding=\"async\" class=\"aligncenter size-full wp-image-778\" src=\"https:\/\/www.flowrealproperty.be\/wp-content\/uploads\/2021\/10\/11.png\" alt=\"multilingue\" width=\"50\" height=\"50\" \/><\/p>\n<p style=\"text-align: center;\">Multilingual support: French, Dutch and English<\/p>\n\n\t\t<\/div>\n\t<\/div>\n<\/div><\/div><\/div><div class=\"wpb_column vc_column_container vc_col-sm-3\"><div class=\"vc_column-inner\"><div class=\"wpb_wrapper\">\n\t<div class=\"wpb_text_column wpb_content_element  vc_custom_1644583535287\" >\n\t\t<div class=\"wpb_wrapper\">\n\t\t\t<p><img loading=\"lazy\" decoding=\"async\" class=\"aligncenter size-full wp-image-796\" src=\"https:\/\/www.flowrealproperty.be\/wp-content\/uploads\/2021\/10\/satisfaction.png\" alt=\"satisfaction\" width=\"50\" height=\"50\" \/><\/p>\n<p style=\"text-align: center;\">Maximum customer satisfaction<\/p>\n\n\t\t<\/div>\n\t<\/div>\n<\/div><\/div><\/div><\/div><\/section><div class=\"vc_row wpb_row vc_row-fluid vc_custom_1635591647363 vc_row-has-fill\"><div class=\"wpb_column vc_column_container vc_col-sm-12\"><div class=\"vc_column-inner vc_custom_1635591787112\"><div class=\"wpb_wrapper\"><div class=\"widget    js-widget\"\n     id=\"cf47_module_go_submit_0\"        >\n    <div class=\"widget__content\">\n      <!-- BEGIN BLOCK GO SUBMIT-->\n  <div class=\"gosubmit\">\n    <div class=\"container\">\n               <div class=\"gosubmit__title\">\n    <div class=\"gosubmit__title__row gosubmit__title__row--first\">\n        Do you\n    <\/div>\n    <div class=\"gosubmit__title__row gosubmit__title__row--second\">\n        <span class=\"gosubmit__title__option\">\n            sell\n        <\/span>\n        or\n        <span class=\"gosubmit__title__option\">\n            rent\n        <\/span>\n    <\/div>\n    <div class=\"gosubmit__title__row gosubmit__title__row--third\">\n        your property?\n    <\/div>\n<\/div>\n<a href=\"..\/contact\/\" class=\"gosubmit__btn\">Contact us<\/a>\n          <\/div>\n  <\/div>\n  <!-- END BLOCK GO SUBMIT-->\n  <\/div>\n<\/div><\/div><\/div><\/div><\/div>","protected":false},"excerpt":{"rendered":"Agence immobili\u00e8re \u00e0 Grimbergen et communes du nord de Bruxelles Flow Real Property vous accompagne dans la vente, l\u2019achat ou la location d\u2019un bien immobilier. Contactez-nous pour toutes questions ! Real estate differently Notre volont\u00e9 est principalement d'apporter une diff\u00e9rence dans l'approche immobili\u00e8re qui oublie trop souvent la dimension humaine. Pourquoi FLOW ? Nous sommes [...]","protected":false},"author":1,"featured_media":0,"parent":0,"menu_order":0,"comment_status":"closed","ping_status":"closed","template":"page-templates\/template-vc.php","meta":{"footnotes":""},"class_list":["post-760","page","type-page","status-publish","hentry"],"yoast_head":"<!-- This site is optimized with the Yoast SEO plugin v27.4 - https:\/\/yoast.com\/product\/yoast-seo-wordpress\/ -->\n<title>Agence Immobili\u00e8re Flow Real Property - Flow Real Property<\/title>\n<meta name=\"robots\" content=\"index, follow, max-snippet:-1, max-image-preview:large, max-video-preview:-1\" \/>\n<link rel=\"canonical\" href=\"https:\/\/www.flowrealproperty.be\/en\/agence-immobiliere-flow-real-property\/\" \/>\n<meta property=\"og:locale\" content=\"en_GB\" \/>\n<meta property=\"og:type\" content=\"article\" \/>\n<meta property=\"og:title\" content=\"Agence Immobili\u00e8re Flow Real Property - Flow Real Property\" \/>\n<meta property=\"og:url\" content=\"https:\/\/www.flowrealproperty.be\/en\/agence-immobiliere-flow-real-property\/\" \/>\n<meta property=\"og:site_name\" content=\"Flow Real Property\" \/>\n<meta property=\"article:modified_time\" content=\"2026-04-20T07:52:33+00:00\" \/>\n<meta property=\"og:image\" content=\"https:\/\/www.flowrealproperty.be\/wp-content\/uploads\/2021\/10\/1.png\" \/>\n\t<meta property=\"og:image:width\" content=\"128\" \/>\n\t<meta property=\"og:image:height\" content=\"128\" \/>\n\t<meta property=\"og:image:type\" content=\"image\/png\" \/>\n<meta name=\"twitter:card\" content=\"summary_large_image\" \/>\n<meta name=\"twitter:label1\" content=\"Estimated reading time\" \/>\n\t<meta name=\"twitter:data1\" content=\"7 minutes\" \/>\n<script type=\"application\/ld+json\" class=\"yoast-schema-graph\">{\"@context\":\"https:\\\/\\\/schema.org\",\"@graph\":[{\"@type\":\"WebPage\",\"@id\":\"https:\\\/\\\/www.flowrealproperty.be\\\/agence-immobiliere-flow-real-property\\\/\",\"url\":\"https:\\\/\\\/www.flowrealproperty.be\\\/agence-immobiliere-flow-real-property\\\/\",\"name\":\"Agence Immobili\u00e8re Flow Real Property - Flow Real Property\",\"isPartOf\":{\"@id\":\"https:\\\/\\\/www.flowrealproperty.be\\\/#website\"},\"primaryImageOfPage\":{\"@id\":\"https:\\\/\\\/www.flowrealproperty.be\\\/agence-immobiliere-flow-real-property\\\/#primaryimage\"},\"image\":{\"@id\":\"https:\\\/\\\/www.flowrealproperty.be\\\/agence-immobiliere-flow-real-property\\\/#primaryimage\"},\"thumbnailUrl\":\"https:\\\/\\\/www.flowrealproperty.be\\\/wp-content\\\/uploads\\\/2021\\\/10\\\/1.png\",\"datePublished\":\"2021-10-30T09:06:34+00:00\",\"dateModified\":\"2026-04-20T07:52:33+00:00\",\"breadcrumb\":{\"@id\":\"https:\\\/\\\/www.flowrealproperty.be\\\/agence-immobiliere-flow-real-property\\\/#breadcrumb\"},\"inLanguage\":\"en-GB\",\"potentialAction\":[{\"@type\":\"ReadAction\",\"target\":[\"https:\\\/\\\/www.flowrealproperty.be\\\/agence-immobiliere-flow-real-property\\\/\"]}]},{\"@type\":\"ImageObject\",\"inLanguage\":\"en-GB\",\"@id\":\"https:\\\/\\\/www.flowrealproperty.be\\\/agence-immobiliere-flow-real-property\\\/#primaryimage\",\"url\":\"https:\\\/\\\/www.flowrealproperty.be\\\/wp-content\\\/uploads\\\/2021\\\/10\\\/1.png\",\"contentUrl\":\"https:\\\/\\\/www.flowrealproperty.be\\\/wp-content\\\/uploads\\\/2021\\\/10\\\/1.png\"},{\"@type\":\"BreadcrumbList\",\"@id\":\"https:\\\/\\\/www.flowrealproperty.be\\\/agence-immobiliere-flow-real-property\\\/#breadcrumb\",\"itemListElement\":[{\"@type\":\"ListItem\",\"position\":1,\"name\":\"Accueil\",\"item\":\"https:\\\/\\\/www.flowrealproperty.be\\\/\"},{\"@type\":\"ListItem\",\"position\":2,\"name\":\"Agence Immobili\u00e8re Flow Real Property\"}]},{\"@type\":\"WebSite\",\"@id\":\"https:\\\/\\\/www.flowrealproperty.be\\\/#website\",\"url\":\"https:\\\/\\\/www.flowrealproperty.be\\\/\",\"name\":\"Flow Real Property\",\"description\":\"Agence Immo \u00e0 Bruxelles\",\"potentialAction\":[{\"@type\":\"SearchAction\",\"target\":{\"@type\":\"EntryPoint\",\"urlTemplate\":\"https:\\\/\\\/www.flowrealproperty.be\\\/?s={search_term_string}\"},\"query-input\":{\"@type\":\"PropertyValueSpecification\",\"valueRequired\":true,\"valueName\":\"search_term_string\"}}],\"inLanguage\":\"en-GB\"}]}<\/script>\n<!-- \/ Yoast SEO plugin. -->","yoast_head_json":{"title":"Agence Immobili\u00e8re Flow Real Property - Flow Real Property","robots":{"index":"index","follow":"follow","max-snippet":"max-snippet:-1","max-image-preview":"max-image-preview:large","max-video-preview":"max-video-preview:-1"},"canonical":"https:\/\/www.flowrealproperty.be\/en\/agence-immobiliere-flow-real-property\/","og_locale":"en_GB","og_type":"article","og_title":"Agence Immobili\u00e8re Flow Real Property - Flow Real Property","og_url":"https:\/\/www.flowrealproperty.be\/en\/agence-immobiliere-flow-real-property\/","og_site_name":"Flow Real Property","article_modified_time":"2026-04-20T07:52:33+00:00","og_image":[{"width":128,"height":128,"url":"https:\/\/www.flowrealproperty.be\/wp-content\/uploads\/2021\/10\/1.png","type":"image\/png"}],"twitter_card":"summary_large_image","twitter_misc":{"Estimated reading time":"7 minutes"},"schema":{"@context":"https:\/\/schema.org","@graph":[{"@type":"WebPage","@id":"https:\/\/www.flowrealproperty.be\/agence-immobiliere-flow-real-property\/","url":"https:\/\/www.flowrealproperty.be\/agence-immobiliere-flow-real-property\/","name":"Agence Immobili\u00e8re Flow Real Property - Flow Real Property","isPartOf":{"@id":"https:\/\/www.flowrealproperty.be\/#website"},"primaryImageOfPage":{"@id":"https:\/\/www.flowrealproperty.be\/agence-immobiliere-flow-real-property\/#primaryimage"},"image":{"@id":"https:\/\/www.flowrealproperty.be\/agence-immobiliere-flow-real-property\/#primaryimage"},"thumbnailUrl":"https:\/\/www.flowrealproperty.be\/wp-content\/uploads\/2021\/10\/1.png","datePublished":"2021-10-30T09:06:34+00:00","dateModified":"2026-04-20T07:52:33+00:00","breadcrumb":{"@id":"https:\/\/www.flowrealproperty.be\/agence-immobiliere-flow-real-property\/#breadcrumb"},"inLanguage":"en-GB","potentialAction":[{"@type":"ReadAction","target":["https:\/\/www.flowrealproperty.be\/agence-immobiliere-flow-real-property\/"]}]},{"@type":"ImageObject","inLanguage":"en-GB","@id":"https:\/\/www.flowrealproperty.be\/agence-immobiliere-flow-real-property\/#primaryimage","url":"https:\/\/www.flowrealproperty.be\/wp-content\/uploads\/2021\/10\/1.png","contentUrl":"https:\/\/www.flowrealproperty.be\/wp-content\/uploads\/2021\/10\/1.png"},{"@type":"BreadcrumbList","@id":"https:\/\/www.flowrealproperty.be\/agence-immobiliere-flow-real-property\/#breadcrumb","itemListElement":[{"@type":"ListItem","position":1,"name":"Accueil","item":"https:\/\/www.flowrealproperty.be\/"},{"@type":"ListItem","position":2,"name":"Agence Immobili\u00e8re Flow Real Property"}]},{"@type":"WebSite","@id":"https:\/\/www.flowrealproperty.be\/#website","url":"https:\/\/www.flowrealproperty.be\/","name":"Flow Real Property","description":"Real Estate Agency in Brussels","potentialAction":[{"@type":"SearchAction","target":{"@type":"EntryPoint","urlTemplate":"https:\/\/www.flowrealproperty.be\/?s={search_term_string}"},"query-input":{"@type":"PropertyValueSpecification","valueRequired":true,"valueName":"search_term_string"}}],"inLanguage":"en-GB"}]}},"_links":{"self":[{"href":"https:\/\/www.flowrealproperty.be\/en\/wp-json\/wp\/v2\/pages\/760","targetHints":{"allow":["GET"]}}],"collection":[{"href":"https:\/\/www.flowrealproperty.be\/en\/wp-json\/wp\/v2\/pages"}],"about":[{"href":"https:\/\/www.flowrealproperty.be\/en\/wp-json\/wp\/v2\/types\/page"}],"author":[{"embeddable":true,"href":"https:\/\/www.flowrealproperty.be\/en\/wp-json\/wp\/v2\/users\/1"}],"replies":[{"embeddable":true,"href":"https:\/\/www.flowrealproperty.be\/en\/wp-json\/wp\/v2\/comments?post=760"}],"version-history":[{"count":3,"href":"https:\/\/www.flowrealproperty.be\/en\/wp-json\/wp\/v2\/pages\/760\/revisions"}],"predecessor-version":[{"id":18450415,"href":"https:\/\/www.flowrealproperty.be\/en\/wp-json\/wp\/v2\/pages\/760\/revisions\/18450415"}],"wp:attachment":[{"href":"https:\/\/www.flowrealproperty.be\/en\/wp-json\/wp\/v2\/media?parent=760"}],"curies":[{"name":"wp","href":"https:\/\/api.w.org\/{rel}","templated":true}]}}