{"id":899,"date":"2021-12-10T11:01:50","date_gmt":"2021-12-10T10:01:50","guid":{"rendered":"https:\/\/www.flowrealproperty.be\/?page_id=899"},"modified":"2022-07-26T14:48:26","modified_gmt":"2022-07-26T12:48:26","slug":"nous-recherchons-pour-vous","status":"publish","type":"page","link":"https:\/\/www.flowrealproperty.be\/en\/nous-recherchons-pour-vous\/","title":{"rendered":"We are looking for you"},"content":{"rendered":"<section class=\"vc_section vc_custom_1639130649967 vc_section-has-fill\"><\/section><section class=\"vc_section vc_custom_1635591837484\"><div class=\"vc_row wpb_row vc_row-fluid\"><div class=\"wpb_column vc_column_container vc_col-sm-12\"><div class=\"vc_column-inner vc_custom_1635583119424\"><div class=\"wpb_wrapper\">\n\t<div class=\"wpb_text_column wpb_content_element\" >\n\t\t<div class=\"wpb_wrapper\">\n\t\t\t<h1 style=\"text-align: center;\">We are looking for you<\/h1>\n<p style=\"text-align: center;\">Flow Real Property will help you find the perfect property for you!<br \/>\n<strong>Fill in the form to discover the possibilities<\/strong><\/p>\n\n\t\t<\/div>\n\t<\/div>\n<\/div><\/div><\/div><\/div><\/section><section class=\"vc_section\"><div class=\"vc_row wpb_row vc_row-fluid boxedrow vc_column-gap-35 vc_row-o-equal-height vc_row-o-content-middle vc_row-flex\"><div class=\"wpb_column vc_column_container vc_col-sm-3 vc_col-has-fill\"><div class=\"vc_column-inner vc_custom_1650621697456\"><div class=\"wpb_wrapper\"><\/div><\/div><\/div><div class=\"wpb_column vc_column_container vc_col-sm-9\"><div class=\"vc_column-inner vc_custom_1635585810349\"><div class=\"wpb_wrapper\">\n\t<div class=\"wpb_text_column wpb_content_element\" >\n\t\t<div class=\"wpb_wrapper\">\n\t\t\t<h4>How to apply?<\/h4>\n\n\t\t<\/div>\n\t<\/div>\n\n\t<div class=\"wpb_text_column wpb_content_element\" >\n\t\t<div class=\"wpb_wrapper\">\n\t\t\t<p>Remplissez le formulaire avec vos cordonn\u00e9es et indiquez un maximum d\u2019informations sur vos crit\u00e8res de recherche.<\/p>\n\n\t\t<\/div>\n\t<\/div>\n<div class=\"vc_empty_space\"   style=\"height: 32px\"><span class=\"vc_empty_space_inner\"><\/span><\/div>\n<div class=\"wpcf7 no-js\" id=\"wpcf7-f895-o1\" lang=\"fr-FR\" dir=\"ltr\" data-wpcf7-id=\"895\">\n<div class=\"screen-reader-response\"><p role=\"status\" aria-live=\"polite\" aria-atomic=\"true\"><\/p> <ul><\/ul><\/div>\n<form action=\"\/en\/wp-json\/wp\/v2\/pages\/899#wpcf7-f895-o1\" method=\"post\" class=\"wpcf7-form init\" aria-label=\"Contact form\" novalidate=\"novalidate\" data-status=\"init\" data-trp-original-action=\"\/en\/wp-json\/wp\/v2\/pages\/899#wpcf7-f895-o1\">\n<fieldset class=\"hidden-fields-container\"><input type=\"hidden\" name=\"_wpcf7\" value=\"895\" \/><input type=\"hidden\" name=\"_wpcf7_version\" value=\"6.1.5\" \/><input type=\"hidden\" name=\"_wpcf7_locale\" value=\"fr_FR\" \/><input type=\"hidden\" name=\"_wpcf7_unit_tag\" value=\"wpcf7-f895-o1\" \/><input type=\"hidden\" name=\"_wpcf7_container_post\" value=\"0\" \/><input type=\"hidden\" name=\"_wpcf7_posted_data_hash\" value=\"\" \/><input type=\"hidden\" name=\"_wpcf7_recaptcha_response\" value=\"\" \/>\n<\/fieldset>\n<div class=\"ctcform\">\n\t<div class=\"wrapdatetime block-half\" style=\"padding-right:5px;\">\n\t\t<p><span class=\"wpcf7-form-control-wrap\" data-name=\"your-name\"><input size=\"40\" maxlength=\"400\" class=\"wpcf7-form-control wpcf7-text wpcf7-validates-as-required form-fields\" aria-required=\"true\" aria-invalid=\"false\" placeholder=\"First name\" value=\"\" type=\"text\" name=\"your-name\" \/><\/span>\n\t\t<\/p>\n\t<\/div>\n\t<div class=\"wrapdatetime block-half\" style=\"padding-right:5px;\">\n\t\t<p><span class=\"wpcf7-form-control-wrap\" data-name=\"your-prename\"><input size=\"40\" maxlength=\"400\" class=\"wpcf7-form-control wpcf7-text wpcf7-validates-as-required form-fields\" aria-required=\"true\" aria-invalid=\"false\" placeholder=\"Name\" value=\"\" type=\"text\" name=\"your-prename\" \/><\/span>\n\t\t<\/p>\n\t<\/div>\n\t<div style=\"display:block; clear:both;height:5px;\">\n\t<\/div>\n\t<div class=\"wrapdatetime block-four\" style=\"padding-right:5px;\">\n\t\t<p><span class=\"wpcf7-form-control-wrap\" data-name=\"your-phone\"><input size=\"40\" maxlength=\"400\" class=\"wpcf7-form-control wpcf7-text wpcf7-validates-as-required form-fields\" aria-required=\"true\" aria-invalid=\"false\" placeholder=\"Telephone\" value=\"\" type=\"text\" name=\"your-phone\" \/><\/span>\n\t\t<\/p>\n\t<\/div>\n\t<div class=\"wrapdatetime block-six\" style=\"padding-right:5px;\">\n\t\t<p><span class=\"wpcf7-form-control-wrap\" data-name=\"your-email\"><input size=\"40\" maxlength=\"400\" class=\"wpcf7-form-control wpcf7-email wpcf7-validates-as-required wpcf7-text wpcf7-validates-as-email form-fields\" aria-required=\"true\" aria-invalid=\"false\" placeholder=\"E-mail address\" value=\"\" type=\"email\" name=\"your-email\" \/><\/span>\n\t\t<\/p>\n\t<\/div>\n\t<div style=\"display:block; clear:both;height:15px;\">\n\t<\/div>\n\t<div class=\"wrapdatetime block-seven\" style=\"padding-right:5px;\">\n\t\t<p><span class=\"wpcf7-form-control-wrap\" data-name=\"your-adresse\"><input size=\"40\" maxlength=\"400\" class=\"wpcf7-form-control wpcf7-text wpcf7-validates-as-required form-fields\" aria-required=\"true\" aria-invalid=\"false\" placeholder=\"Address\" value=\"\" type=\"text\" name=\"your-adresse\" \/><\/span>\n\t\t<\/p>\n\t<\/div>\n\t<div class=\"wrapdatetime block-third\" style=\"padding-right:5px;\">\n\t\t<p><span class=\"wpcf7-form-control-wrap\" data-name=\"your-numero\"><input size=\"40\" maxlength=\"400\" class=\"wpcf7-form-control wpcf7-text wpcf7-validates-as-required form-fields\" aria-required=\"true\" aria-invalid=\"false\" placeholder=\"Number\" value=\"\" type=\"text\" name=\"your-numero\" \/><\/span>\n\t\t<\/p>\n\t<\/div>\n\t<div style=\"display:block; clear:both;height:5px;\">\n\t<\/div>\n\t<div class=\"wrapdatetime block-six\" style=\"padding-right:5px;\">\n\t\t<p><span class=\"wpcf7-form-control-wrap\" data-name=\"your-adresse\"><input size=\"40\" maxlength=\"400\" class=\"wpcf7-form-control wpcf7-text wpcf7-validates-as-required form-fields\" aria-required=\"true\" aria-invalid=\"false\" placeholder=\"Locality\" value=\"\" type=\"text\" name=\"your-adresse\" \/><\/span>\n\t\t<\/p>\n\t<\/div>\n\t<div class=\"wrapdatetime block-four\" style=\"padding-right:5px;\">\n\t\t<p><span class=\"wpcf7-form-control-wrap\" data-name=\"your-numero\"><input size=\"40\" maxlength=\"400\" class=\"wpcf7-form-control wpcf7-text wpcf7-validates-as-required form-fields\" aria-required=\"true\" aria-invalid=\"false\" placeholder=\"Postcode\" value=\"\" type=\"text\" name=\"your-numero\" \/><\/span>\n\t\t<\/p>\n\t<\/div>\n\t<div style=\"display:block; clear:both;height:15px;\">\n\t<\/div>\n\t<div class=\"wrapdatetime block-full\" style=\"padding-right:5px;\">\n\t\t<p><span class=\"wpcf7-form-control-wrap\" data-name=\"your-message\"><textarea cols=\"40\" rows=\"10\" maxlength=\"2000\" class=\"wpcf7-form-control wpcf7-textarea form-fields\" aria-invalid=\"false\" placeholder=\"Describe your search criteria...\" name=\"your-message\"><\/textarea><\/span>\n\t\t<\/p>\n\t<\/div>\n\t<p><span class=\"wpcf7-form-control-wrap\" data-name=\"your-consent\"><span class=\"wpcf7-form-control wpcf7-acceptance\"><span class=\"wpcf7-list-item\"><label><input type=\"checkbox\" name=\"your-consent\" value=\"1\" aria-invalid=\"false\" \/><span class=\"wpcf7-list-item-label\"><span class=\"cgvtxt\">I certify that I have read and accept  <a href='https:\/\/www.flowrealproperty.be\/en\/mentions-legales\/' target='_blank' style=\"font-weight:700;\">the policy on the processing of private data<\/a>.<\/span><\/span><\/label><\/span><\/span><\/span><br \/>\n<input class=\"wpcf7-form-control wpcf7-submit has-spinner form-submit\" type=\"submit\" value=\"Validate my request\" \/>\n\t<\/p>\n<\/div><div class=\"wpcf7-response-output\" aria-hidden=\"true\"><\/div>\n<input type=\"hidden\" name=\"trp-form-language\" value=\"en\"\/><\/form>\n<\/div>\n<\/div><\/div><\/div><\/div><\/section><section class=\"vc_section vc_custom_1635585773050\"><div class=\"vc_row wpb_row vc_row-fluid\"><div class=\"wpb_column vc_column_container vc_col-sm-12\"><div class=\"vc_column-inner vc_custom_1635592016904\"><div class=\"wpb_wrapper\">\n\t<div class=\"wpb_text_column wpb_content_element\" >\n\t\t<div class=\"wpb_wrapper\">\n\t\t\t<h2 style=\"text-align: center;\">12 good reasons to choose us<\/h2>\n<p style=\"text-align: center;\">Every day we strive to provide you with the best possible service<\/p>\n\n\t\t<\/div>\n\t<\/div>\n<\/div><\/div><\/div><\/div><div class=\"vc_row wpb_row vc_row-fluid boxedrow\"><div class=\"wpb_column vc_column_container vc_col-sm-3\"><div class=\"vc_column-inner\"><div class=\"wpb_wrapper\">\n\t<div class=\"wpb_text_column wpb_content_element  vc_custom_1644583376584\" >\n\t\t<div class=\"wpb_wrapper\">\n\t\t\t<p><img loading=\"lazy\" decoding=\"async\" class=\"aligncenter size-full wp-image-785\" src=\"https:\/\/www.flowrealproperty.be\/wp-content\/uploads\/2021\/10\/1.png\" alt=\"Taille humaine\" width=\"50\" height=\"50\" \/><\/p>\n<p style=\"text-align: center;\">A company on a human scale<\/p>\n\n\t\t<\/div>\n\t<\/div>\n<\/div><\/div><\/div><div class=\"wpb_column vc_column_container vc_col-sm-3\"><div class=\"vc_column-inner\"><div class=\"wpb_wrapper\">\n\t<div class=\"wpb_text_column wpb_content_element  vc_custom_1644583395375\" >\n\t\t<div class=\"wpb_wrapper\">\n\t\t\t<p><img loading=\"lazy\" decoding=\"async\" class=\"aligncenter size-full wp-image-787\" src=\"https:\/\/www.flowrealproperty.be\/wp-content\/uploads\/2021\/10\/2.png\" alt=\"Flexibilit\u00e9\" width=\"50\" height=\"50\" \/><\/p>\n<p style=\"text-align: center;\">Total flexibility<\/p>\n\n\t\t<\/div>\n\t<\/div>\n<\/div><\/div><\/div><div class=\"wpb_column vc_column_container vc_col-sm-3\"><div class=\"vc_column-inner\"><div class=\"wpb_wrapper\">\n\t<div class=\"wpb_text_column wpb_content_element  vc_custom_1644583417121\" >\n\t\t<div class=\"wpb_wrapper\">\n\t\t\t<p><img loading=\"lazy\" decoding=\"async\" class=\"aligncenter size-full wp-image-786\" src=\"https:\/\/www.flowrealproperty.be\/wp-content\/uploads\/2021\/10\/3.png\" alt=\"Planification\" width=\"50\" height=\"50\" \/><\/p>\n<p style=\"text-align: center;\">Development of an appropriate result-oriented plan of attack<\/p>\n\n\t\t<\/div>\n\t<\/div>\n<\/div><\/div><\/div><div class=\"wpb_column vc_column_container vc_col-sm-3\"><div class=\"vc_column-inner\"><div class=\"wpb_wrapper\">\n\t<div class=\"wpb_text_column wpb_content_element  vc_custom_1644583430914\" >\n\t\t<div class=\"wpb_wrapper\">\n\t\t\t<p><img loading=\"lazy\" decoding=\"async\" class=\"aligncenter size-full wp-image-784\" src=\"https:\/\/www.flowrealproperty.be\/wp-content\/uploads\/2021\/10\/4.png\" alt=\"sinc\u00e9rit\u00e9\" width=\"50\" height=\"50\" \/><\/p>\n<p style=\"text-align: center;\">Sincerity of information given (if too expensive or not feasible)<\/p>\n\n\t\t<\/div>\n\t<\/div>\n<\/div><\/div><\/div><\/div><div class=\"vc_row wpb_row vc_row-fluid boxedrow\"><div class=\"wpb_column vc_column_container vc_col-sm-3\"><div class=\"vc_column-inner\"><div class=\"wpb_wrapper\">\n\t<div class=\"wpb_text_column wpb_content_element  vc_custom_1644583449101\" >\n\t\t<div class=\"wpb_wrapper\">\n\t\t\t<p><img loading=\"lazy\" decoding=\"async\" class=\"aligncenter size-full wp-image-783\" src=\"https:\/\/www.flowrealproperty.be\/wp-content\/uploads\/2021\/10\/5.png\" alt=\"long terme\" width=\"50\" height=\"50\" \/><\/p>\n<p style=\"text-align: center;\">Focus on long-term relationships and building trust<\/p>\n\n\t\t<\/div>\n\t<\/div>\n<\/div><\/div><\/div><div class=\"wpb_column vc_column_container vc_col-sm-3\"><div class=\"vc_column-inner\"><div class=\"wpb_wrapper\">\n\t<div class=\"wpb_text_column wpb_content_element  vc_custom_1644583458928\" >\n\t\t<div class=\"wpb_wrapper\">\n\t\t\t<p><img loading=\"lazy\" decoding=\"async\" class=\"aligncenter size-full wp-image-782\" src=\"https:\/\/www.flowrealproperty.be\/wp-content\/uploads\/2021\/10\/6.png\" alt=\"marketing\" width=\"50\" height=\"50\" \/><\/p>\n<p style=\"text-align: center;\">Use of the latest marketing technologies<\/p>\n\n\t\t<\/div>\n\t<\/div>\n<\/div><\/div><\/div><div class=\"wpb_column vc_column_container vc_col-sm-3\"><div class=\"vc_column-inner\"><div class=\"wpb_wrapper\">\n\t<div class=\"wpb_text_column wpb_content_element  vc_custom_1644583475235\" >\n\t\t<div class=\"wpb_wrapper\">\n\t\t\t<p><img loading=\"lazy\" decoding=\"async\" class=\"aligncenter size-full wp-image-788\" src=\"https:\/\/www.flowrealproperty.be\/wp-content\/uploads\/2021\/10\/7.png\" alt=\"Interlocuteur\" width=\"50\" height=\"50\" \/><\/p>\n<p style=\"text-align: center;\">1 contact person from start to finish: professional and personal approach<\/p>\n\n\t\t<\/div>\n\t<\/div>\n<\/div><\/div><\/div><div class=\"wpb_column vc_column_container vc_col-sm-3\"><div class=\"vc_column-inner\"><div class=\"wpb_wrapper\">\n\t<div class=\"wpb_text_column wpb_content_element  vc_custom_1644583498099\" >\n\t\t<div class=\"wpb_wrapper\">\n\t\t\t<p><img loading=\"lazy\" decoding=\"async\" class=\"aligncenter size-full wp-image-781\" src=\"https:\/\/www.flowrealproperty.be\/wp-content\/uploads\/2021\/10\/8.png\" alt=\"accompagnement\" width=\"50\" height=\"50\" \/><\/p>\n<p style=\"text-align: center;\">Support from A to Z: from the valuation of the property to the signing of the deed of sale or lease<\/p>\n\n\t\t<\/div>\n\t<\/div>\n<\/div><\/div><\/div><\/div><div class=\"vc_row wpb_row vc_row-fluid boxedrow\"><div class=\"wpb_column vc_column_container vc_col-sm-3\"><div class=\"vc_column-inner\"><div class=\"wpb_wrapper\">\n\t<div class=\"wpb_text_column wpb_content_element  vc_custom_1644583508876\" >\n\t\t<div class=\"wpb_wrapper\">\n\t\t\t<p><img loading=\"lazy\" decoding=\"async\" class=\"aligncenter size-full wp-image-780\" src=\"https:\/\/www.flowrealproperty.be\/wp-content\/uploads\/2021\/10\/9.png\" alt=\"juridique\" width=\"50\" height=\"50\" \/><\/p>\n<p style=\"text-align: center;\">Legal advice<\/p>\n\n\t\t<\/div>\n\t<\/div>\n<\/div><\/div><\/div><div class=\"wpb_column vc_column_container vc_col-sm-3\"><div class=\"vc_column-inner\"><div class=\"wpb_wrapper\">\n\t<div class=\"wpb_text_column wpb_content_element  vc_custom_1644583519428\" >\n\t\t<div class=\"wpb_wrapper\">\n\t\t\t<p><img loading=\"lazy\" decoding=\"async\" class=\"aligncenter size-full wp-image-779\" src=\"https:\/\/www.flowrealproperty.be\/wp-content\/uploads\/2021\/10\/10.png\" alt=\"7\/7\" width=\"50\" height=\"50\" \/><\/p>\n<p style=\"text-align: center;\">Available 7 days a week<\/p>\n\n\t\t<\/div>\n\t<\/div>\n<\/div><\/div><\/div><div class=\"wpb_column vc_column_container vc_col-sm-3\"><div class=\"vc_column-inner\"><div class=\"wpb_wrapper\">\n\t<div class=\"wpb_text_column wpb_content_element  vc_custom_1644583527728\" >\n\t\t<div class=\"wpb_wrapper\">\n\t\t\t<p><img loading=\"lazy\" decoding=\"async\" class=\"aligncenter size-full wp-image-778\" src=\"https:\/\/www.flowrealproperty.be\/wp-content\/uploads\/2021\/10\/11.png\" alt=\"multilingue\" width=\"50\" height=\"50\" \/><\/p>\n<p style=\"text-align: center;\">Multilingual support: French, Dutch and English<\/p>\n\n\t\t<\/div>\n\t<\/div>\n<\/div><\/div><\/div><div class=\"wpb_column vc_column_container vc_col-sm-3\"><div class=\"vc_column-inner\"><div class=\"wpb_wrapper\">\n\t<div class=\"wpb_text_column wpb_content_element  vc_custom_1644583535287\" >\n\t\t<div class=\"wpb_wrapper\">\n\t\t\t<p><img loading=\"lazy\" decoding=\"async\" class=\"aligncenter size-full wp-image-796\" src=\"https:\/\/www.flowrealproperty.be\/wp-content\/uploads\/2021\/10\/satisfaction.png\" alt=\"satisfaction\" width=\"50\" height=\"50\" \/><\/p>\n<p style=\"text-align: center;\">Maximum customer satisfaction<\/p>\n\n\t\t<\/div>\n\t<\/div>\n<\/div><\/div><\/div><\/div><\/section><div class=\"vc_row wpb_row vc_row-fluid vc_custom_1635591647363 vc_row-has-fill\"><div class=\"wpb_column vc_column_container vc_col-sm-12\"><div class=\"vc_column-inner vc_custom_1635591787112\"><div class=\"wpb_wrapper\"><div class=\"widget    js-widget\"\n     id=\"cf47_module_go_submit_0\"        >\n    <div class=\"widget__content\">\n      <!-- BEGIN BLOCK GO SUBMIT-->\n  <div class=\"gosubmit\">\n    <div class=\"container\">\n               <div class=\"gosubmit__title\">\n    <div class=\"gosubmit__title__row gosubmit__title__row--first\">\n        Do you\n    <\/div>\n    <div class=\"gosubmit__title__row gosubmit__title__row--second\">\n        <span class=\"gosubmit__title__option\">\n            sell\n        <\/span>\n        or\n        <span class=\"gosubmit__title__option\">\n            rent\n        <\/span>\n    <\/div>\n    <div class=\"gosubmit__title__row gosubmit__title__row--third\">\n        your property?\n    <\/div>\n<\/div>\n<a href=\"..\/contact\/\" class=\"gosubmit__btn\">Contact us<\/a>\n          <\/div>\n  <\/div>\n  <!-- END BLOCK GO SUBMIT-->\n  <\/div>\n<\/div><\/div><\/div><\/div><\/div>","protected":false},"excerpt":{"rendered":"Nous recherchons pour vous Flow Real Property vous accompagne dans la recherche du bien parfait pour vous ! Remplissez le formulaire afin de d\u00e9couvrir les\u00a0possibilit\u00e9s Comment faire votre demande ? Remplissez le formulaire avec vos cordonn\u00e9es et indiquez un maximum d'informations sur vos crit\u00e8res de recherche. Je certifie avoir lu et accepter la politique de [...]","protected":false},"author":1,"featured_media":0,"parent":0,"menu_order":0,"comment_status":"closed","ping_status":"closed","template":"page-templates\/template-vc.php","meta":{"footnotes":""},"class_list":["post-899","page","type-page","status-publish","hentry"],"yoast_head":"<!-- This site is optimized with the Yoast SEO plugin v27.5 - https:\/\/yoast.com\/product\/yoast-seo-wordpress\/ -->\n<title>Nous recherchons pour vous - Flow Real Property<\/title>\n<meta name=\"robots\" content=\"index, follow, max-snippet:-1, max-image-preview:large, max-video-preview:-1\" \/>\n<link rel=\"canonical\" href=\"https:\/\/www.flowrealproperty.be\/en\/nous-recherchons-pour-vous\/\" \/>\n<meta property=\"og:locale\" content=\"en_GB\" \/>\n<meta property=\"og:type\" content=\"article\" \/>\n<meta property=\"og:title\" content=\"Nous recherchons pour vous - Flow Real Property\" \/>\n<meta property=\"og:url\" content=\"https:\/\/www.flowrealproperty.be\/en\/nous-recherchons-pour-vous\/\" \/>\n<meta property=\"og:site_name\" content=\"Flow Real Property\" \/>\n<meta property=\"article:modified_time\" content=\"2022-07-26T12:48:26+00:00\" \/>\n<meta property=\"og:image\" content=\"https:\/\/www.flowrealproperty.be\/wp-content\/uploads\/2021\/10\/1.png\" \/>\n<meta name=\"twitter:card\" content=\"summary_large_image\" \/>\n<meta name=\"twitter:label1\" content=\"Estimated reading time\" \/>\n\t<meta name=\"twitter:data1\" content=\"5 minutes\" \/>\n<script type=\"application\/ld+json\" class=\"yoast-schema-graph\">{\"@context\":\"https:\\\/\\\/schema.org\",\"@graph\":[{\"@type\":\"WebPage\",\"@id\":\"https:\\\/\\\/www.flowrealproperty.be\\\/nous-recherchons-pour-vous\\\/\",\"url\":\"https:\\\/\\\/www.flowrealproperty.be\\\/nous-recherchons-pour-vous\\\/\",\"name\":\"Nous recherchons pour vous - Flow Real Property\",\"isPartOf\":{\"@id\":\"https:\\\/\\\/www.flowrealproperty.be\\\/#website\"},\"primaryImageOfPage\":{\"@id\":\"https:\\\/\\\/www.flowrealproperty.be\\\/nous-recherchons-pour-vous\\\/#primaryimage\"},\"image\":{\"@id\":\"https:\\\/\\\/www.flowrealproperty.be\\\/nous-recherchons-pour-vous\\\/#primaryimage\"},\"thumbnailUrl\":\"https:\\\/\\\/www.flowrealproperty.be\\\/wp-content\\\/uploads\\\/2021\\\/10\\\/1.png\",\"datePublished\":\"2021-12-10T10:01:50+00:00\",\"dateModified\":\"2022-07-26T12:48:26+00:00\",\"breadcrumb\":{\"@id\":\"https:\\\/\\\/www.flowrealproperty.be\\\/nous-recherchons-pour-vous\\\/#breadcrumb\"},\"inLanguage\":\"en-GB\",\"potentialAction\":[{\"@type\":\"ReadAction\",\"target\":[\"https:\\\/\\\/www.flowrealproperty.be\\\/nous-recherchons-pour-vous\\\/\"]}]},{\"@type\":\"ImageObject\",\"inLanguage\":\"en-GB\",\"@id\":\"https:\\\/\\\/www.flowrealproperty.be\\\/nous-recherchons-pour-vous\\\/#primaryimage\",\"url\":\"https:\\\/\\\/www.flowrealproperty.be\\\/wp-content\\\/uploads\\\/2021\\\/10\\\/1.png\",\"contentUrl\":\"https:\\\/\\\/www.flowrealproperty.be\\\/wp-content\\\/uploads\\\/2021\\\/10\\\/1.png\"},{\"@type\":\"BreadcrumbList\",\"@id\":\"https:\\\/\\\/www.flowrealproperty.be\\\/nous-recherchons-pour-vous\\\/#breadcrumb\",\"itemListElement\":[{\"@type\":\"ListItem\",\"position\":1,\"name\":\"Accueil\",\"item\":\"https:\\\/\\\/www.flowrealproperty.be\\\/\"},{\"@type\":\"ListItem\",\"position\":2,\"name\":\"Nous recherchons pour vous\"}]},{\"@type\":\"WebSite\",\"@id\":\"https:\\\/\\\/www.flowrealproperty.be\\\/#website\",\"url\":\"https:\\\/\\\/www.flowrealproperty.be\\\/\",\"name\":\"Flow Real Property\",\"description\":\"Agence Immo \u00e0 Bruxelles\",\"potentialAction\":[{\"@type\":\"SearchAction\",\"target\":{\"@type\":\"EntryPoint\",\"urlTemplate\":\"https:\\\/\\\/www.flowrealproperty.be\\\/?s={search_term_string}\"},\"query-input\":{\"@type\":\"PropertyValueSpecification\",\"valueRequired\":true,\"valueName\":\"search_term_string\"}}],\"inLanguage\":\"en-GB\"}]}<\/script>\n<!-- \/ Yoast SEO plugin. -->","yoast_head_json":{"title":"Nous recherchons pour vous - Flow Real Property","robots":{"index":"index","follow":"follow","max-snippet":"max-snippet:-1","max-image-preview":"max-image-preview:large","max-video-preview":"max-video-preview:-1"},"canonical":"https:\/\/www.flowrealproperty.be\/en\/nous-recherchons-pour-vous\/","og_locale":"en_GB","og_type":"article","og_title":"Nous recherchons pour vous - Flow Real Property","og_url":"https:\/\/www.flowrealproperty.be\/en\/nous-recherchons-pour-vous\/","og_site_name":"Flow Real Property","article_modified_time":"2022-07-26T12:48:26+00:00","og_image":[{"url":"https:\/\/www.flowrealproperty.be\/wp-content\/uploads\/2021\/10\/1.png","type":"","width":"","height":""}],"twitter_card":"summary_large_image","twitter_misc":{"Estimated reading time":"5 minutes"},"schema":{"@context":"https:\/\/schema.org","@graph":[{"@type":"WebPage","@id":"https:\/\/www.flowrealproperty.be\/nous-recherchons-pour-vous\/","url":"https:\/\/www.flowrealproperty.be\/nous-recherchons-pour-vous\/","name":"Nous recherchons pour vous - Flow Real Property","isPartOf":{"@id":"https:\/\/www.flowrealproperty.be\/#website"},"primaryImageOfPage":{"@id":"https:\/\/www.flowrealproperty.be\/nous-recherchons-pour-vous\/#primaryimage"},"image":{"@id":"https:\/\/www.flowrealproperty.be\/nous-recherchons-pour-vous\/#primaryimage"},"thumbnailUrl":"https:\/\/www.flowrealproperty.be\/wp-content\/uploads\/2021\/10\/1.png","datePublished":"2021-12-10T10:01:50+00:00","dateModified":"2022-07-26T12:48:26+00:00","breadcrumb":{"@id":"https:\/\/www.flowrealproperty.be\/nous-recherchons-pour-vous\/#breadcrumb"},"inLanguage":"en-GB","potentialAction":[{"@type":"ReadAction","target":["https:\/\/www.flowrealproperty.be\/nous-recherchons-pour-vous\/"]}]},{"@type":"ImageObject","inLanguage":"en-GB","@id":"https:\/\/www.flowrealproperty.be\/nous-recherchons-pour-vous\/#primaryimage","url":"https:\/\/www.flowrealproperty.be\/wp-content\/uploads\/2021\/10\/1.png","contentUrl":"https:\/\/www.flowrealproperty.be\/wp-content\/uploads\/2021\/10\/1.png"},{"@type":"BreadcrumbList","@id":"https:\/\/www.flowrealproperty.be\/nous-recherchons-pour-vous\/#breadcrumb","itemListElement":[{"@type":"ListItem","position":1,"name":"Accueil","item":"https:\/\/www.flowrealproperty.be\/"},{"@type":"ListItem","position":2,"name":"Nous recherchons pour vous"}]},{"@type":"WebSite","@id":"https:\/\/www.flowrealproperty.be\/#website","url":"https:\/\/www.flowrealproperty.be\/","name":"Flow Real Property","description":"Real Estate Agency in Brussels","potentialAction":[{"@type":"SearchAction","target":{"@type":"EntryPoint","urlTemplate":"https:\/\/www.flowrealproperty.be\/?s={search_term_string}"},"query-input":{"@type":"PropertyValueSpecification","valueRequired":true,"valueName":"search_term_string"}}],"inLanguage":"en-GB"}]}},"_links":{"self":[{"href":"https:\/\/www.flowrealproperty.be\/en\/wp-json\/wp\/v2\/pages\/899","targetHints":{"allow":["GET"]}}],"collection":[{"href":"https:\/\/www.flowrealproperty.be\/en\/wp-json\/wp\/v2\/pages"}],"about":[{"href":"https:\/\/www.flowrealproperty.be\/en\/wp-json\/wp\/v2\/types\/page"}],"author":[{"embeddable":true,"href":"https:\/\/www.flowrealproperty.be\/en\/wp-json\/wp\/v2\/users\/1"}],"replies":[{"embeddable":true,"href":"https:\/\/www.flowrealproperty.be\/en\/wp-json\/wp\/v2\/comments?post=899"}],"version-history":[{"count":0,"href":"https:\/\/www.flowrealproperty.be\/en\/wp-json\/wp\/v2\/pages\/899\/revisions"}],"wp:attachment":[{"href":"https:\/\/www.flowrealproperty.be\/en\/wp-json\/wp\/v2\/media?parent=899"}],"curies":[{"name":"wp","href":"https:\/\/api.w.org\/{rel}","templated":true}]}}