{"id":33607,"date":"2022-06-01T14:23:11","date_gmt":"2022-06-01T12:23:11","guid":{"rendered":"https:\/\/www.flowrealproperty.be\/?page_id=33607"},"modified":"2024-01-12T21:25:32","modified_gmt":"2024-01-12T20:25:32","slug":"mentions-legales","status":"publish","type":"page","link":"https:\/\/www.flowrealproperty.be\/nl\/mentions-legales\/","title":{"rendered":"Wettelijke informatie"},"content":{"rendered":"<section class=\"vc_section vc_custom_1639130649967 vc_section-has-fill\"><\/section><section class=\"vc_section vc_custom_1635591837484\"><div class=\"vc_row wpb_row vc_row-fluid\"><div class=\"wpb_column vc_column_container vc_col-sm-3\"><div class=\"vc_column-inner vc_custom_1635583119424\"><div class=\"wpb_wrapper\"><\/div><\/div><\/div><div class=\"wpb_column vc_column_container vc_col-sm-6\"><div class=\"vc_column-inner\"><div class=\"wpb_wrapper\">\n\t<div class=\"wpb_text_column wpb_content_element\" >\n\t\t<div class=\"wpb_wrapper\">\n\t\t\t<h1 style=\"text-align: center;\">Wettelijke informatie<\/h1>\n\n\t\t<\/div>\n\t<\/div>\n<div class=\"vc_empty_space\"   style=\"height: 32px\"><span class=\"vc_empty_space_inner\"><\/span><\/div>\n\t<div class=\"wpb_text_column wpb_content_element\" >\n\t\t<div class=\"wpb_wrapper\">\n\t\t\t<h2>Website editor<\/h2>\n\n\t\t<\/div>\n\t<\/div>\n<div class=\"vc_empty_space\"   style=\"height: 32px\"><span class=\"vc_empty_space_inner\"><\/span><\/div>\n\t<div class=\"wpb_text_column wpb_content_element\" >\n\t\t<div class=\"wpb_wrapper\">\n\t\t\t<p><strong>Identiteit:<\/strong>\u00a0Stroom Onroerend Goed<br \/>\n<strong>Rechtsvorm :<\/strong> SRL<br \/>\n<strong>Adres:<\/strong> Brusselsesteenweg 106, 1850 Grimbergen<br \/>\n<strong>Telefoon:<\/strong>\u00a002 360 33 04<br \/>\n<strong>Email :<\/strong>\u00a0contact@flowrealproperty.be<br \/>\n<strong>ECB-nummer :<\/strong>\u00a0 0769.250.184<br \/>\n<strong>BTW-nummer :<\/strong>\u00a0BE 0769.250.184<\/p>\n\n\t\t<\/div>\n\t<\/div>\n<div class=\"vc_empty_space\"   style=\"height: 32px\"><span class=\"vc_empty_space_inner\"><\/span><\/div>\n\t<div class=\"wpb_text_column wpb_content_element\" >\n\t\t<div class=\"wpb_wrapper\">\n\t\t\t<h2>Behandelingsbeleid<br \/>\nop de site verzamelde gegevens<\/h2>\n\n\t\t<\/div>\n\t<\/div>\n<div class=\"vc_empty_space\"   style=\"height: 32px\"><span class=\"vc_empty_space_inner\"><\/span><\/div>\n\t<div class=\"wpb_text_column wpb_content_element\" >\n\t\t<div class=\"wpb_wrapper\">\n\t\t\t<p>FLOW REAL PROPERTY SRL is de verantwoordelijke voor de verwerking van de gegevens die op deze website worden verzameld. Voor vragen over dit privacybeleid kunt u contact met ons opnemen via contact@flowrealproperty.be.<\/p>\n<h4>Aard van de verzamelde gegevens<\/h4>\n<p>Tijdens het browsen slaat onze server (gehost door LWS.FR) logs op. Dit bestaat voornamelijk uit het achterhalen van uw IP-adres en de geschiedenis van uw verzoeken (zoals bijvoorbeeld een paginabezoek).<\/p>\n<p>Gebruikers kunnen hun persoonsgegevens verstrekken door een verzoek in te dienen via het contactformulier, het online bestelformulier of door het invullen van een inschrijvingsformulier voor een nieuwsbrief.<\/p>\n<h4>Reden voor gegevensverzameling<\/h4>\n<p>Het doel van serverlogs is pogingen tot inbraak en anomalie\u00ebn te kunnen opsporen om de veiligheid van het computersysteem te garanderen.<\/p>\n<p>De informatie die de gebruiker invoert via het contactformulier, het online bestelformulier of door het invullen van het inschrijvingsformulier voor de nieuwsbrief, wordt alleen gebruikt om te reageren op het verzoek van de gebruiker. Wanneer het een commercieel verzoek betreft, en met de uitdrukkelijke toestemming van de betrokkene, kunnen de persoonsgegevens ook worden gebruikt voor het verzenden van mailings over bedrijfsgerelateerde onderwerpen (nieuwe dienst, deelname aan evenementen, enz.). Persoonsgegevens zullen alleen voor deze doeleinden worden gebruikt.<\/p>\n<h4>Wie verwerkt de verzamelde gegevens?<\/h4>\n<p>DIREXION (sitebeheerbedrijf, onderaannemer) en LWS.FR (hostingbedrijf, onderaannemer) zijn de ontvangers van de serverlogs voor het hierboven beschreven doel. De toegang tot het logsysteem is beveiligd en staat onder toezicht. LWS.FR is een onderaannemer en garandeert alle technische en organisatorische maatregelen te hebben genomen om gegevens te beschermen zoals vereist door de Verordening betreffende de bescherming van persoonsgegevens (RGPD) die Richtlijn 95\/46\/EG vervangt.<\/p>\n<p>FLOW REAL PROPERTY SRL is de ontvanger van de informatie die wordt verzameld via het contactformulier, het online bestelformulier of het formulier voor de nieuwsbrief voor de hierboven beschreven doeleinden.<\/p>\n<h4>Toestemming van de gebruiker<\/h4>\n<p>Elke gebruiker wordt duidelijk ingelicht over het gebruik dat van zijn persoonsgegevens kan worden gemaakt op het moment dat hij ze verstrekt en zoals beschreven in dit privacybeleid.<\/p>\n<h4>Houdbaarheid<\/h4>\n<p>Serverlogs worden gedurende 24 maanden bewaard.<\/p>\n<p>Gegevens die via het contactformulier op deze site worden verzameld, worden gedurende 3 jaar bewaard. De gegevens van het nieuwsbriefformulier worden bewaard totdat de klant besluit zich uit te schrijven voor de toezending van nieuwsbrieven. In elke e-mail zal systematisch een link worden voorgesteld om uit te schrijven.<\/p>\n<h4>Rechten van de betrokken personen<\/h4>\n<p>In overeenstemming met de Algemene Verordening Gegevensbescherming (GDPR), hebben gebruikers de volgende rechten met betrekking tot de gegevens die FLOW REAL PROPERTY SRL over hen verzamelt:<br \/>\nRecht van toegang<br \/>\nRecht op rectificatie<br \/>\nRecht op wissen (recht om te worden vergeten)<br \/>\nRecht op beperking<br \/>\nRecht op meeneembaarheid<\/p>\n<p>Voor elk verzoek betreffende deze rechten kunnen gebruikers een e-mail sturen naar contact@flowrealproperty.be met het onderwerp van hun verzoek. FLOW REAL PROPERTY SRL verbindt zich ertoe binnen een termijn van 15 werkdagen op dit verzoek te antwoorden.<\/p>\n<p>Om veiligheidsredenen zal FLOW REAL PROPERTY SRL voor elk verzoek met betrekking tot deze rechten de identiteit verifi\u00ebren van de persoon die het verzoek indient. FLOW REAL PROPERTY SRL zal pas op het verzoek ingaan na een positieve identificatie.<\/p>\n<h4>Bevoegde autoriteiten voor de bescherming van de persoonlijke levenssfeer<\/h4>\n<p>Privacycommissie<br \/>\nPressestraat 35 in 1000 Brussel (BE)<br \/>\nTelefoon +32 2 274 48 00<br \/>\n<a href=\"https:\/\/www.privacycommission.be\/\">https:\/\/www.privacycommission.be<\/a><br \/>\n<a href=\"mailto:commission@privacycommission.be\">commission@privacycommission.be<\/a><\/p>\n\n\t\t<\/div>\n\t<\/div>\n<div class=\"vc_empty_space\"   style=\"height: 32px\"><span class=\"vc_empty_space_inner\"><\/span><\/div>\n\t<div class=\"wpb_text_column wpb_content_element\" >\n\t\t<div class=\"wpb_wrapper\">\n\t\t\t<h2>Gebruik van cookies<\/h2>\n\n\t\t<\/div>\n\t<\/div>\n<div class=\"vc_empty_space\"   style=\"height: 32px\"><span class=\"vc_empty_space_inner\"><\/span><\/div>\n\t<div class=\"wpb_text_column wpb_content_element\" >\n\t\t<div class=\"wpb_wrapper\">\n\t\t\t<p>Wij gebruiken alleen technische cookies, die strikt noodzakelijk zijn voor het navigeren op onze site. Wij gebruiken geen statistische of marketing cookies.<\/p>\n\n\t\t<\/div>\n\t<\/div>\n<div class=\"vc_empty_space\"   style=\"height: 32px\"><span class=\"vc_empty_space_inner\"><\/span><\/div>\n\t<div class=\"wpb_text_column wpb_content_element\" >\n\t\t<div class=\"wpb_wrapper\">\n\t\t\t<p><span style=\"color: #aaa; font-size: 80%;\">Deze site is beschermd door reCAPTCHA en de Google <a style=\"color: #ccc;\" href=\"https:\/\/policies.google.com\/privacy\">Privacybeleid<\/a> en <a style=\"color: #ccc;\" href=\"https:\/\/policies.google.com\/terms\">Voorwaarden van de Dienst<\/a> toepassen.<\/span><\/p>\n\n\t\t<\/div>\n\t<\/div>\n<div class=\"vc_empty_space\"   style=\"height: 32px\"><span class=\"vc_empty_space_inner\"><\/span><\/div><div class=\"vc_empty_space\"   style=\"height: 32px\"><span class=\"vc_empty_space_inner\"><\/span><\/div><\/div><\/div><\/div><div class=\"wpb_column vc_column_container vc_col-sm-3\"><div class=\"vc_column-inner\"><div class=\"wpb_wrapper\"><\/div><\/div><\/div><\/div><\/section><div class=\"vc_row wpb_row vc_row-fluid vc_custom_1635591647363 vc_row-has-fill\"><div class=\"wpb_column vc_column_container vc_col-sm-12\"><div class=\"vc_column-inner vc_custom_1635591787112\"><div class=\"wpb_wrapper\"><div class=\"widget    js-widget\"\n     id=\"cf47_module_go_submit_0\"        >\n    <div class=\"widget__content\">\n      <!-- BEGIN BLOCK GO SUBMIT-->\n  <div class=\"gosubmit\">\n    <div class=\"container\">\n               <div class=\"gosubmit__title\">\n    <div class=\"gosubmit__title__row gosubmit__title__row--first\">\n        Wilt u\n    <\/div>\n    <div class=\"gosubmit__title__row gosubmit__title__row--second\">\n        <span class=\"gosubmit__title__option\">\n            verkopen\n        <\/span>\n        of\n        <span class=\"gosubmit__title__option\">\n            huren\n        <\/span>\n    <\/div>\n    <div class=\"gosubmit__title__row gosubmit__title__row--third\">\n        uw eigendom?\n    <\/div>\n<\/div>\n<a href=\"https:\/\/drxhosting.be\/hosting\/2324-flow\/contact\/\" class=\"gosubmit__btn\">Contacteer ons<\/a>\n          <\/div>\n  <\/div>\n  <!-- END BLOCK GO SUBMIT-->\n  <\/div>\n<\/div><\/div><\/div><\/div><\/div>","protected":false},"excerpt":{"rendered":"Mentions l\u00e9gales Editeur du site Identit\u00e9 :\u00a0Flow Real Property Forme juridique\u00a0: SRL Adresse : Brusselsesteenweg 106 \u00e0 1850 Grimbergen T\u00e9l\u00e9phone :\u00a002 360 33 04 Email :\u00a0contact@flowrealproperty.be Num\u00e9ro BCE :\u00a0 0769.250.184 Num\u00e9ro de TVA :\u00a0BE 0769.250.184 Politique de traitement des donn\u00e9es collect\u00e9es sur le site FLOW REAL PROPERTY SRL est le responsable de traitement pour les [...]","protected":false},"author":1,"featured_media":0,"parent":0,"menu_order":0,"comment_status":"closed","ping_status":"closed","template":"page-templates\/template-vc.php","meta":{"footnotes":""},"class_list":["post-33607","page","type-page","status-publish","hentry"],"yoast_head":"<!-- This site is optimized with the Yoast SEO plugin v27.4 - https:\/\/yoast.com\/product\/yoast-seo-wordpress\/ -->\n<title>Mentions l\u00e9gales - Flow Real Property<\/title>\n<meta name=\"robots\" content=\"index, follow, max-snippet:-1, max-image-preview:large, max-video-preview:-1\" \/>\n<link rel=\"canonical\" href=\"https:\/\/www.flowrealproperty.be\/nl\/mentions-legales\/\" \/>\n<meta property=\"og:locale\" content=\"nl_NL\" \/>\n<meta property=\"og:type\" content=\"article\" \/>\n<meta property=\"og:title\" content=\"Mentions l\u00e9gales - Flow Real Property\" \/>\n<meta property=\"og:url\" content=\"https:\/\/www.flowrealproperty.be\/nl\/mentions-legales\/\" \/>\n<meta property=\"og:site_name\" content=\"Flow Real Property\" \/>\n<meta property=\"article:modified_time\" content=\"2024-01-12T20:25:32+00:00\" \/>\n<meta name=\"twitter:card\" content=\"summary_large_image\" \/>\n<meta name=\"twitter:label1\" content=\"Geschatte leestijd\" \/>\n\t<meta name=\"twitter:data1\" content=\"4 minuten\" \/>\n<script type=\"application\/ld+json\" class=\"yoast-schema-graph\">{\"@context\":\"https:\\\/\\\/schema.org\",\"@graph\":[{\"@type\":\"WebPage\",\"@id\":\"https:\\\/\\\/www.flowrealproperty.be\\\/mentions-legales\\\/\",\"url\":\"https:\\\/\\\/www.flowrealproperty.be\\\/mentions-legales\\\/\",\"name\":\"Mentions l\u00e9gales - Flow Real Property\",\"isPartOf\":{\"@id\":\"https:\\\/\\\/www.flowrealproperty.be\\\/#website\"},\"datePublished\":\"2022-06-01T12:23:11+00:00\",\"dateModified\":\"2024-01-12T20:25:32+00:00\",\"breadcrumb\":{\"@id\":\"https:\\\/\\\/www.flowrealproperty.be\\\/mentions-legales\\\/#breadcrumb\"},\"inLanguage\":\"nl-NL\",\"potentialAction\":[{\"@type\":\"ReadAction\",\"target\":[\"https:\\\/\\\/www.flowrealproperty.be\\\/mentions-legales\\\/\"]}]},{\"@type\":\"BreadcrumbList\",\"@id\":\"https:\\\/\\\/www.flowrealproperty.be\\\/mentions-legales\\\/#breadcrumb\",\"itemListElement\":[{\"@type\":\"ListItem\",\"position\":1,\"name\":\"Accueil\",\"item\":\"https:\\\/\\\/www.flowrealproperty.be\\\/\"},{\"@type\":\"ListItem\",\"position\":2,\"name\":\"Mentions l\u00e9gales\"}]},{\"@type\":\"WebSite\",\"@id\":\"https:\\\/\\\/www.flowrealproperty.be\\\/#website\",\"url\":\"https:\\\/\\\/www.flowrealproperty.be\\\/\",\"name\":\"Flow Real Property\",\"description\":\"Agence Immo \u00e0 Bruxelles\",\"potentialAction\":[{\"@type\":\"SearchAction\",\"target\":{\"@type\":\"EntryPoint\",\"urlTemplate\":\"https:\\\/\\\/www.flowrealproperty.be\\\/?s={search_term_string}\"},\"query-input\":{\"@type\":\"PropertyValueSpecification\",\"valueRequired\":true,\"valueName\":\"search_term_string\"}}],\"inLanguage\":\"nl-NL\"}]}<\/script>\n<!-- \/ Yoast SEO plugin. -->","yoast_head_json":{"title":"Mentions l\u00e9gales - Flow Real Property","robots":{"index":"index","follow":"follow","max-snippet":"max-snippet:-1","max-image-preview":"max-image-preview:large","max-video-preview":"max-video-preview:-1"},"canonical":"https:\/\/www.flowrealproperty.be\/nl\/mentions-legales\/","og_locale":"nl_NL","og_type":"article","og_title":"Mentions l\u00e9gales - Flow Real Property","og_url":"https:\/\/www.flowrealproperty.be\/nl\/mentions-legales\/","og_site_name":"Flow Real Property","article_modified_time":"2024-01-12T20:25:32+00:00","twitter_card":"summary_large_image","twitter_misc":{"Geschatte leestijd":"4 minuten"},"schema":{"@context":"https:\/\/schema.org","@graph":[{"@type":"WebPage","@id":"https:\/\/www.flowrealproperty.be\/mentions-legales\/","url":"https:\/\/www.flowrealproperty.be\/mentions-legales\/","name":"Mentions l\u00e9gales - Flow Real Property","isPartOf":{"@id":"https:\/\/www.flowrealproperty.be\/#website"},"datePublished":"2022-06-01T12:23:11+00:00","dateModified":"2024-01-12T20:25:32+00:00","breadcrumb":{"@id":"https:\/\/www.flowrealproperty.be\/mentions-legales\/#breadcrumb"},"inLanguage":"nl-NL","potentialAction":[{"@type":"ReadAction","target":["https:\/\/www.flowrealproperty.be\/mentions-legales\/"]}]},{"@type":"BreadcrumbList","@id":"https:\/\/www.flowrealproperty.be\/mentions-legales\/#breadcrumb","itemListElement":[{"@type":"ListItem","position":1,"name":"Accueil","item":"https:\/\/www.flowrealproperty.be\/"},{"@type":"ListItem","position":2,"name":"Mentions l\u00e9gales"}]},{"@type":"WebSite","@id":"https:\/\/www.flowrealproperty.be\/#website","url":"https:\/\/www.flowrealproperty.be\/","name":"Stroom Onroerend Goed","description":"Onroerend goed agentschap in Brussel","potentialAction":[{"@type":"SearchAction","target":{"@type":"EntryPoint","urlTemplate":"https:\/\/www.flowrealproperty.be\/?s={search_term_string}"},"query-input":{"@type":"PropertyValueSpecification","valueRequired":true,"valueName":"search_term_string"}}],"inLanguage":"nl-NL"}]}},"_links":{"self":[{"href":"https:\/\/www.flowrealproperty.be\/nl\/wp-json\/wp\/v2\/pages\/33607","targetHints":{"allow":["GET"]}}],"collection":[{"href":"https:\/\/www.flowrealproperty.be\/nl\/wp-json\/wp\/v2\/pages"}],"about":[{"href":"https:\/\/www.flowrealproperty.be\/nl\/wp-json\/wp\/v2\/types\/page"}],"author":[{"embeddable":true,"href":"https:\/\/www.flowrealproperty.be\/nl\/wp-json\/wp\/v2\/users\/1"}],"replies":[{"embeddable":true,"href":"https:\/\/www.flowrealproperty.be\/nl\/wp-json\/wp\/v2\/comments?post=33607"}],"version-history":[{"count":0,"href":"https:\/\/www.flowrealproperty.be\/nl\/wp-json\/wp\/v2\/pages\/33607\/revisions"}],"wp:attachment":[{"href":"https:\/\/www.flowrealproperty.be\/nl\/wp-json\/wp\/v2\/media?parent=33607"}],"curies":[{"name":"wp","href":"https:\/\/api.w.org\/{rel}","templated":true}]}}