{"id":899,"date":"2021-12-10T11:01:50","date_gmt":"2021-12-10T10:01:50","guid":{"rendered":"https:\/\/www.flowrealproperty.be\/?page_id=899"},"modified":"2022-07-26T14:48:26","modified_gmt":"2022-07-26T12:48:26","slug":"nous-recherchons-pour-vous","status":"publish","type":"page","link":"https:\/\/www.flowrealproperty.be\/nl\/nous-recherchons-pour-vous\/","title":{"rendered":"We zoeken voor u"},"content":{"rendered":"<section class=\"vc_section vc_custom_1639130649967 vc_section-has-fill\"><\/section><section class=\"vc_section vc_custom_1635591837484\"><div class=\"vc_row wpb_row vc_row-fluid\"><div class=\"wpb_column vc_column_container vc_col-sm-12\"><div class=\"vc_column-inner vc_custom_1635583119424\"><div class=\"wpb_wrapper\">\n\t<div class=\"wpb_text_column wpb_content_element\" >\n\t\t<div class=\"wpb_wrapper\">\n\t\t\t<h1 style=\"text-align: center;\">We zoeken voor u<\/h1>\n<p style=\"text-align: center;\">Flow Real Property zal u helpen de perfecte woning voor u te vinden!<br \/>\n<strong>Vul het formulier in om de mogelijkheden te ontdekken<\/strong><\/p>\n\n\t\t<\/div>\n\t<\/div>\n<\/div><\/div><\/div><\/div><\/section><section class=\"vc_section\"><div class=\"vc_row wpb_row vc_row-fluid boxedrow vc_column-gap-35 vc_row-o-equal-height vc_row-o-content-middle vc_row-flex\"><div class=\"wpb_column vc_column_container vc_col-sm-3 vc_col-has-fill\"><div class=\"vc_column-inner vc_custom_1650621697456\"><div class=\"wpb_wrapper\"><\/div><\/div><\/div><div class=\"wpb_column vc_column_container vc_col-sm-9\"><div class=\"vc_column-inner vc_custom_1635585810349\"><div class=\"wpb_wrapper\">\n\t<div class=\"wpb_text_column wpb_content_element\" >\n\t\t<div class=\"wpb_wrapper\">\n\t\t\t<h4>Hoe moet ik doen?<\/h4>\n\n\t\t<\/div>\n\t<\/div>\n\n\t<div class=\"wpb_text_column wpb_content_element\" >\n\t\t<div class=\"wpb_wrapper\">\n\t\t\t<p>Remplissez le formulaire avec vos cordonn\u00e9es et indiquez un maximum d\u2019informations sur vos crit\u00e8res de recherche.<\/p>\n\n\t\t<\/div>\n\t<\/div>\n<div class=\"vc_empty_space\"   style=\"height: 32px\"><span class=\"vc_empty_space_inner\"><\/span><\/div>\n<div class=\"wpcf7 no-js\" id=\"wpcf7-f895-o1\" lang=\"fr-FR\" dir=\"ltr\" data-wpcf7-id=\"895\">\n<div class=\"screen-reader-response\"><p role=\"status\" aria-live=\"polite\" aria-atomic=\"true\"><\/p> <ul><\/ul><\/div>\n<form action=\"\/nl\/wp-json\/wp\/v2\/pages\/899#wpcf7-f895-o1\" method=\"post\" class=\"wpcf7-form init\" aria-label=\"Contactformulier\" novalidate=\"novalidate\" data-status=\"init\" data-trp-original-action=\"\/nl\/wp-json\/wp\/v2\/pages\/899#wpcf7-f895-o1\">\n<fieldset class=\"hidden-fields-container\"><input type=\"hidden\" name=\"_wpcf7\" value=\"895\" \/><input type=\"hidden\" name=\"_wpcf7_version\" value=\"6.1.5\" \/><input type=\"hidden\" name=\"_wpcf7_locale\" value=\"fr_FR\" \/><input type=\"hidden\" name=\"_wpcf7_unit_tag\" value=\"wpcf7-f895-o1\" \/><input type=\"hidden\" name=\"_wpcf7_container_post\" value=\"0\" \/><input type=\"hidden\" name=\"_wpcf7_posted_data_hash\" value=\"\" \/><input type=\"hidden\" name=\"_wpcf7_recaptcha_response\" value=\"\" \/>\n<\/fieldset>\n<div class=\"ctcform\">\n\t<div class=\"wrapdatetime block-half\" style=\"padding-right:5px;\">\n\t\t<p><span class=\"wpcf7-form-control-wrap\" data-name=\"your-name\"><input size=\"40\" maxlength=\"400\" class=\"wpcf7-form-control wpcf7-text wpcf7-validates-as-required form-fields\" aria-required=\"true\" aria-invalid=\"false\" placeholder=\"Voornaam\" value=\"\" type=\"text\" name=\"your-name\" \/><\/span>\n\t\t<\/p>\n\t<\/div>\n\t<div class=\"wrapdatetime block-half\" style=\"padding-right:5px;\">\n\t\t<p><span class=\"wpcf7-form-control-wrap\" data-name=\"your-prename\"><input size=\"40\" maxlength=\"400\" class=\"wpcf7-form-control wpcf7-text wpcf7-validates-as-required form-fields\" aria-required=\"true\" aria-invalid=\"false\" placeholder=\"Naam\" value=\"\" type=\"text\" name=\"your-prename\" \/><\/span>\n\t\t<\/p>\n\t<\/div>\n\t<div style=\"display:block; clear:both;height:5px;\">\n\t<\/div>\n\t<div class=\"wrapdatetime block-four\" style=\"padding-right:5px;\">\n\t\t<p><span class=\"wpcf7-form-control-wrap\" data-name=\"your-phone\"><input size=\"40\" maxlength=\"400\" class=\"wpcf7-form-control wpcf7-text wpcf7-validates-as-required form-fields\" aria-required=\"true\" aria-invalid=\"false\" placeholder=\"Telefoon\" value=\"\" type=\"text\" name=\"your-phone\" \/><\/span>\n\t\t<\/p>\n\t<\/div>\n\t<div class=\"wrapdatetime block-six\" style=\"padding-right:5px;\">\n\t\t<p><span class=\"wpcf7-form-control-wrap\" data-name=\"your-email\"><input size=\"40\" maxlength=\"400\" class=\"wpcf7-form-control wpcf7-email wpcf7-validates-as-required wpcf7-text wpcf7-validates-as-email form-fields\" aria-required=\"true\" aria-invalid=\"false\" placeholder=\"E-mail adres\" value=\"\" type=\"email\" name=\"your-email\" \/><\/span>\n\t\t<\/p>\n\t<\/div>\n\t<div style=\"display:block; clear:both;height:15px;\">\n\t<\/div>\n\t<div class=\"wrapdatetime block-seven\" style=\"padding-right:5px;\">\n\t\t<p><span class=\"wpcf7-form-control-wrap\" data-name=\"your-adresse\"><input size=\"40\" maxlength=\"400\" class=\"wpcf7-form-control wpcf7-text wpcf7-validates-as-required form-fields\" aria-required=\"true\" aria-invalid=\"false\" placeholder=\"Adres\" value=\"\" type=\"text\" name=\"your-adresse\" \/><\/span>\n\t\t<\/p>\n\t<\/div>\n\t<div class=\"wrapdatetime block-third\" style=\"padding-right:5px;\">\n\t\t<p><span class=\"wpcf7-form-control-wrap\" data-name=\"your-numero\"><input size=\"40\" maxlength=\"400\" class=\"wpcf7-form-control wpcf7-text wpcf7-validates-as-required form-fields\" aria-required=\"true\" aria-invalid=\"false\" placeholder=\"Nummer\" value=\"\" type=\"text\" name=\"your-numero\" \/><\/span>\n\t\t<\/p>\n\t<\/div>\n\t<div style=\"display:block; clear:both;height:5px;\">\n\t<\/div>\n\t<div class=\"wrapdatetime block-six\" style=\"padding-right:5px;\">\n\t\t<p><span class=\"wpcf7-form-control-wrap\" data-name=\"your-adresse\"><input size=\"40\" maxlength=\"400\" class=\"wpcf7-form-control wpcf7-text wpcf7-validates-as-required form-fields\" aria-required=\"true\" aria-invalid=\"false\" placeholder=\"Plaats\" value=\"\" type=\"text\" name=\"your-adresse\" \/><\/span>\n\t\t<\/p>\n\t<\/div>\n\t<div class=\"wrapdatetime block-four\" style=\"padding-right:5px;\">\n\t\t<p><span class=\"wpcf7-form-control-wrap\" data-name=\"your-numero\"><input size=\"40\" maxlength=\"400\" class=\"wpcf7-form-control wpcf7-text wpcf7-validates-as-required form-fields\" aria-required=\"true\" aria-invalid=\"false\" placeholder=\"Postcode\" value=\"\" type=\"text\" name=\"your-numero\" \/><\/span>\n\t\t<\/p>\n\t<\/div>\n\t<div style=\"display:block; clear:both;height:15px;\">\n\t<\/div>\n\t<div class=\"wrapdatetime block-full\" style=\"padding-right:5px;\">\n\t\t<p><span class=\"wpcf7-form-control-wrap\" data-name=\"your-message\"><textarea cols=\"40\" rows=\"10\" maxlength=\"2000\" class=\"wpcf7-form-control wpcf7-textarea form-fields\" aria-invalid=\"false\" placeholder=\"Beschrijf uw zoekcriteria...\" name=\"your-message\"><\/textarea><\/span>\n\t\t<\/p>\n\t<\/div>\n\t<p><span class=\"wpcf7-form-control-wrap\" data-name=\"your-consent\"><span class=\"wpcf7-form-control wpcf7-acceptance\"><span class=\"wpcf7-list-item\"><label><input type=\"checkbox\" name=\"your-consent\" value=\"1\" aria-invalid=\"false\" \/><span class=\"wpcf7-list-item-label\"><span class=\"cgvtxt\">Ik verklaar dat ik heb gelezen en aanvaard  <a href='https:\/\/www.flowrealproperty.be\/nl\/mentions-legales\/' target='_blank' style=\"font-weight:700;\">het beleid inzake de verwerking van persoonsgegevens<\/a>.<\/span><\/span><\/label><\/span><\/span><\/span><br \/>\n<input class=\"wpcf7-form-control wpcf7-submit has-spinner form-submit\" type=\"submit\" value=\"Valideer mijn verzoek\" \/>\n\t<\/p>\n<\/div><div class=\"wpcf7-response-output\" aria-hidden=\"true\"><\/div>\n<input type=\"hidden\" name=\"trp-form-language\" value=\"nl\"\/><\/form>\n<\/div>\n<\/div><\/div><\/div><\/div><\/section><section class=\"vc_section vc_custom_1635585773050\"><div class=\"vc_row wpb_row vc_row-fluid\"><div class=\"wpb_column vc_column_container vc_col-sm-12\"><div class=\"vc_column-inner vc_custom_1635592016904\"><div class=\"wpb_wrapper\">\n\t<div class=\"wpb_text_column wpb_content_element\" >\n\t\t<div class=\"wpb_wrapper\">\n\t\t\t<h2 style=\"text-align: center;\">12 goede redenen om voor ons te kiezen<\/h2>\n<p style=\"text-align: center;\">Elke dag streven wij ernaar u de best mogelijke service te bieden<\/p>\n\n\t\t<\/div>\n\t<\/div>\n<\/div><\/div><\/div><\/div><div class=\"vc_row wpb_row vc_row-fluid boxedrow\"><div class=\"wpb_column vc_column_container vc_col-sm-3\"><div class=\"vc_column-inner\"><div class=\"wpb_wrapper\">\n\t<div class=\"wpb_text_column wpb_content_element  vc_custom_1644583376584\" >\n\t\t<div class=\"wpb_wrapper\">\n\t\t\t<p><img loading=\"lazy\" decoding=\"async\" class=\"aligncenter size-full wp-image-785\" src=\"https:\/\/www.flowrealproperty.be\/wp-content\/uploads\/2021\/10\/1.png\" alt=\"Taille humaine\" width=\"50\" height=\"50\" \/><\/p>\n<p style=\"text-align: center;\">Een bedrijf op mensenmaat<\/p>\n\n\t\t<\/div>\n\t<\/div>\n<\/div><\/div><\/div><div class=\"wpb_column vc_column_container vc_col-sm-3\"><div class=\"vc_column-inner\"><div class=\"wpb_wrapper\">\n\t<div class=\"wpb_text_column wpb_content_element  vc_custom_1644583395375\" >\n\t\t<div class=\"wpb_wrapper\">\n\t\t\t<p><img loading=\"lazy\" decoding=\"async\" class=\"aligncenter size-full wp-image-787\" src=\"https:\/\/www.flowrealproperty.be\/wp-content\/uploads\/2021\/10\/2.png\" alt=\"Flexibilit\u00e9\" width=\"50\" height=\"50\" \/><\/p>\n<p style=\"text-align: center;\">Totale flexibiliteit<\/p>\n\n\t\t<\/div>\n\t<\/div>\n<\/div><\/div><\/div><div class=\"wpb_column vc_column_container vc_col-sm-3\"><div class=\"vc_column-inner\"><div class=\"wpb_wrapper\">\n\t<div class=\"wpb_text_column wpb_content_element  vc_custom_1644583417121\" >\n\t\t<div class=\"wpb_wrapper\">\n\t\t\t<p><img loading=\"lazy\" decoding=\"async\" class=\"aligncenter size-full wp-image-786\" src=\"https:\/\/www.flowrealproperty.be\/wp-content\/uploads\/2021\/10\/3.png\" alt=\"Planification\" width=\"50\" height=\"50\" \/><\/p>\n<p style=\"text-align: center;\">Ontwikkeling van een passend resultaatgericht aanvalsplan<\/p>\n\n\t\t<\/div>\n\t<\/div>\n<\/div><\/div><\/div><div class=\"wpb_column vc_column_container vc_col-sm-3\"><div class=\"vc_column-inner\"><div class=\"wpb_wrapper\">\n\t<div class=\"wpb_text_column wpb_content_element  vc_custom_1644583430914\" >\n\t\t<div class=\"wpb_wrapper\">\n\t\t\t<p><img loading=\"lazy\" decoding=\"async\" class=\"aligncenter size-full wp-image-784\" src=\"https:\/\/www.flowrealproperty.be\/wp-content\/uploads\/2021\/10\/4.png\" alt=\"sinc\u00e9rit\u00e9\" width=\"50\" height=\"50\" \/><\/p>\n<p style=\"text-align: center;\">Oprechtheid van de verstrekte informatie (indien te duur of niet haalbaar)<\/p>\n\n\t\t<\/div>\n\t<\/div>\n<\/div><\/div><\/div><\/div><div class=\"vc_row wpb_row vc_row-fluid boxedrow\"><div class=\"wpb_column vc_column_container vc_col-sm-3\"><div class=\"vc_column-inner\"><div class=\"wpb_wrapper\">\n\t<div class=\"wpb_text_column wpb_content_element  vc_custom_1644583449101\" >\n\t\t<div class=\"wpb_wrapper\">\n\t\t\t<p><img loading=\"lazy\" decoding=\"async\" class=\"aligncenter size-full wp-image-783\" src=\"https:\/\/www.flowrealproperty.be\/wp-content\/uploads\/2021\/10\/5.png\" alt=\"long terme\" width=\"50\" height=\"50\" \/><\/p>\n<p style=\"text-align: center;\">Focus op langetermijnrelaties en het opbouwen van vertrouwen<\/p>\n\n\t\t<\/div>\n\t<\/div>\n<\/div><\/div><\/div><div class=\"wpb_column vc_column_container vc_col-sm-3\"><div class=\"vc_column-inner\"><div class=\"wpb_wrapper\">\n\t<div class=\"wpb_text_column wpb_content_element  vc_custom_1644583458928\" >\n\t\t<div class=\"wpb_wrapper\">\n\t\t\t<p><img loading=\"lazy\" decoding=\"async\" class=\"aligncenter size-full wp-image-782\" src=\"https:\/\/www.flowrealproperty.be\/wp-content\/uploads\/2021\/10\/6.png\" alt=\"marketing\" width=\"50\" height=\"50\" \/><\/p>\n<p style=\"text-align: center;\">Gebruik van de nieuwste marketingtechnologie\u00ebn<\/p>\n\n\t\t<\/div>\n\t<\/div>\n<\/div><\/div><\/div><div class=\"wpb_column vc_column_container vc_col-sm-3\"><div class=\"vc_column-inner\"><div class=\"wpb_wrapper\">\n\t<div class=\"wpb_text_column wpb_content_element  vc_custom_1644583475235\" >\n\t\t<div class=\"wpb_wrapper\">\n\t\t\t<p><img loading=\"lazy\" decoding=\"async\" class=\"aligncenter size-full wp-image-788\" src=\"https:\/\/www.flowrealproperty.be\/wp-content\/uploads\/2021\/10\/7.png\" alt=\"Interlocuteur\" width=\"50\" height=\"50\" \/><\/p>\n<p style=\"text-align: center;\">1 contactpersoon van begin tot eind: professionele en persoonlijke aanpak<\/p>\n\n\t\t<\/div>\n\t<\/div>\n<\/div><\/div><\/div><div class=\"wpb_column vc_column_container vc_col-sm-3\"><div class=\"vc_column-inner\"><div class=\"wpb_wrapper\">\n\t<div class=\"wpb_text_column wpb_content_element  vc_custom_1644583498099\" >\n\t\t<div class=\"wpb_wrapper\">\n\t\t\t<p><img loading=\"lazy\" decoding=\"async\" class=\"aligncenter size-full wp-image-781\" src=\"https:\/\/www.flowrealproperty.be\/wp-content\/uploads\/2021\/10\/8.png\" alt=\"accompagnement\" width=\"50\" height=\"50\" \/><\/p>\n<p style=\"text-align: center;\">Begeleiding van A tot Z: van de schatting van het onroerend goed tot de ondertekening van de verkoop- of huurakte<\/p>\n\n\t\t<\/div>\n\t<\/div>\n<\/div><\/div><\/div><\/div><div class=\"vc_row wpb_row vc_row-fluid boxedrow\"><div class=\"wpb_column vc_column_container vc_col-sm-3\"><div class=\"vc_column-inner\"><div class=\"wpb_wrapper\">\n\t<div class=\"wpb_text_column wpb_content_element  vc_custom_1644583508876\" >\n\t\t<div class=\"wpb_wrapper\">\n\t\t\t<p><img loading=\"lazy\" decoding=\"async\" class=\"aligncenter size-full wp-image-780\" src=\"https:\/\/www.flowrealproperty.be\/wp-content\/uploads\/2021\/10\/9.png\" alt=\"juridique\" width=\"50\" height=\"50\" \/><\/p>\n<p style=\"text-align: center;\">Juridisch advies<\/p>\n\n\t\t<\/div>\n\t<\/div>\n<\/div><\/div><\/div><div class=\"wpb_column vc_column_container vc_col-sm-3\"><div class=\"vc_column-inner\"><div class=\"wpb_wrapper\">\n\t<div class=\"wpb_text_column wpb_content_element  vc_custom_1644583519428\" >\n\t\t<div class=\"wpb_wrapper\">\n\t\t\t<p><img loading=\"lazy\" decoding=\"async\" class=\"aligncenter size-full wp-image-779\" src=\"https:\/\/www.flowrealproperty.be\/wp-content\/uploads\/2021\/10\/10.png\" alt=\"7\/7\" width=\"50\" height=\"50\" \/><\/p>\n<p style=\"text-align: center;\">7 dagen per week beschikbaar<\/p>\n\n\t\t<\/div>\n\t<\/div>\n<\/div><\/div><\/div><div class=\"wpb_column vc_column_container vc_col-sm-3\"><div class=\"vc_column-inner\"><div class=\"wpb_wrapper\">\n\t<div class=\"wpb_text_column wpb_content_element  vc_custom_1644583527728\" >\n\t\t<div class=\"wpb_wrapper\">\n\t\t\t<p><img loading=\"lazy\" decoding=\"async\" class=\"aligncenter size-full wp-image-778\" src=\"https:\/\/www.flowrealproperty.be\/wp-content\/uploads\/2021\/10\/11.png\" alt=\"multilingue\" width=\"50\" height=\"50\" \/><\/p>\n<p style=\"text-align: center;\">Meertalige ondersteuning: Frans, Nederlands en Engels<\/p>\n\n\t\t<\/div>\n\t<\/div>\n<\/div><\/div><\/div><div class=\"wpb_column vc_column_container vc_col-sm-3\"><div class=\"vc_column-inner\"><div class=\"wpb_wrapper\">\n\t<div class=\"wpb_text_column wpb_content_element  vc_custom_1644583535287\" >\n\t\t<div class=\"wpb_wrapper\">\n\t\t\t<p><img loading=\"lazy\" decoding=\"async\" class=\"aligncenter size-full wp-image-796\" src=\"https:\/\/www.flowrealproperty.be\/wp-content\/uploads\/2021\/10\/satisfaction.png\" alt=\"satisfaction\" width=\"50\" height=\"50\" \/><\/p>\n<p style=\"text-align: center;\">Maximale klanttevredenheid<\/p>\n\n\t\t<\/div>\n\t<\/div>\n<\/div><\/div><\/div><\/div><\/section><div class=\"vc_row wpb_row vc_row-fluid vc_custom_1635591647363 vc_row-has-fill\"><div class=\"wpb_column vc_column_container vc_col-sm-12\"><div class=\"vc_column-inner vc_custom_1635591787112\"><div class=\"wpb_wrapper\"><div class=\"widget    js-widget\"\n     id=\"cf47_module_go_submit_0\"        >\n    <div class=\"widget__content\">\n      <!-- BEGIN BLOCK GO SUBMIT-->\n  <div class=\"gosubmit\">\n    <div class=\"container\">\n               <div class=\"gosubmit__title\">\n    <div class=\"gosubmit__title__row gosubmit__title__row--first\">\n        Wilt u\n    <\/div>\n    <div class=\"gosubmit__title__row gosubmit__title__row--second\">\n        <span class=\"gosubmit__title__option\">\n            verkopen\n        <\/span>\n        of\n        <span class=\"gosubmit__title__option\">\n            huren\n        <\/span>\n    <\/div>\n    <div class=\"gosubmit__title__row gosubmit__title__row--third\">\n        uw eigendom?\n    <\/div>\n<\/div>\n<a href=\"..\/contact\/\" class=\"gosubmit__btn\">Contacteer ons<\/a>\n          <\/div>\n  <\/div>\n  <!-- END BLOCK GO SUBMIT-->\n  <\/div>\n<\/div><\/div><\/div><\/div><\/div>","protected":false},"excerpt":{"rendered":"Nous recherchons pour vous Flow Real Property vous accompagne dans la recherche du bien parfait pour vous ! Remplissez le formulaire afin de d\u00e9couvrir les\u00a0possibilit\u00e9s Comment faire votre demande ? Remplissez le formulaire avec vos cordonn\u00e9es et indiquez un maximum d'informations sur vos crit\u00e8res de recherche. Je certifie avoir lu et accepter la politique de [...]","protected":false},"author":1,"featured_media":0,"parent":0,"menu_order":0,"comment_status":"closed","ping_status":"closed","template":"page-templates\/template-vc.php","meta":{"footnotes":""},"class_list":["post-899","page","type-page","status-publish","hentry"],"yoast_head":"<!-- This site is optimized with the Yoast SEO plugin v27.5 - https:\/\/yoast.com\/product\/yoast-seo-wordpress\/ -->\n<title>Nous recherchons pour vous - Flow Real Property<\/title>\n<meta name=\"robots\" content=\"index, follow, max-snippet:-1, max-image-preview:large, max-video-preview:-1\" \/>\n<link rel=\"canonical\" href=\"https:\/\/www.flowrealproperty.be\/nl\/nous-recherchons-pour-vous\/\" \/>\n<meta property=\"og:locale\" content=\"nl_NL\" \/>\n<meta property=\"og:type\" content=\"article\" \/>\n<meta property=\"og:title\" content=\"Nous recherchons pour vous - Flow Real Property\" \/>\n<meta property=\"og:url\" content=\"https:\/\/www.flowrealproperty.be\/nl\/nous-recherchons-pour-vous\/\" \/>\n<meta property=\"og:site_name\" content=\"Flow Real Property\" \/>\n<meta property=\"article:modified_time\" content=\"2022-07-26T12:48:26+00:00\" \/>\n<meta property=\"og:image\" content=\"https:\/\/www.flowrealproperty.be\/wp-content\/uploads\/2021\/10\/1.png\" \/>\n<meta name=\"twitter:card\" content=\"summary_large_image\" \/>\n<meta name=\"twitter:label1\" content=\"Geschatte leestijd\" \/>\n\t<meta name=\"twitter:data1\" content=\"5 minuten\" \/>\n<script type=\"application\/ld+json\" class=\"yoast-schema-graph\">{\"@context\":\"https:\\\/\\\/schema.org\",\"@graph\":[{\"@type\":\"WebPage\",\"@id\":\"https:\\\/\\\/www.flowrealproperty.be\\\/nous-recherchons-pour-vous\\\/\",\"url\":\"https:\\\/\\\/www.flowrealproperty.be\\\/nous-recherchons-pour-vous\\\/\",\"name\":\"Nous recherchons pour vous - Flow Real Property\",\"isPartOf\":{\"@id\":\"https:\\\/\\\/www.flowrealproperty.be\\\/#website\"},\"primaryImageOfPage\":{\"@id\":\"https:\\\/\\\/www.flowrealproperty.be\\\/nous-recherchons-pour-vous\\\/#primaryimage\"},\"image\":{\"@id\":\"https:\\\/\\\/www.flowrealproperty.be\\\/nous-recherchons-pour-vous\\\/#primaryimage\"},\"thumbnailUrl\":\"https:\\\/\\\/www.flowrealproperty.be\\\/wp-content\\\/uploads\\\/2021\\\/10\\\/1.png\",\"datePublished\":\"2021-12-10T10:01:50+00:00\",\"dateModified\":\"2022-07-26T12:48:26+00:00\",\"breadcrumb\":{\"@id\":\"https:\\\/\\\/www.flowrealproperty.be\\\/nous-recherchons-pour-vous\\\/#breadcrumb\"},\"inLanguage\":\"nl-NL\",\"potentialAction\":[{\"@type\":\"ReadAction\",\"target\":[\"https:\\\/\\\/www.flowrealproperty.be\\\/nous-recherchons-pour-vous\\\/\"]}]},{\"@type\":\"ImageObject\",\"inLanguage\":\"nl-NL\",\"@id\":\"https:\\\/\\\/www.flowrealproperty.be\\\/nous-recherchons-pour-vous\\\/#primaryimage\",\"url\":\"https:\\\/\\\/www.flowrealproperty.be\\\/wp-content\\\/uploads\\\/2021\\\/10\\\/1.png\",\"contentUrl\":\"https:\\\/\\\/www.flowrealproperty.be\\\/wp-content\\\/uploads\\\/2021\\\/10\\\/1.png\"},{\"@type\":\"BreadcrumbList\",\"@id\":\"https:\\\/\\\/www.flowrealproperty.be\\\/nous-recherchons-pour-vous\\\/#breadcrumb\",\"itemListElement\":[{\"@type\":\"ListItem\",\"position\":1,\"name\":\"Accueil\",\"item\":\"https:\\\/\\\/www.flowrealproperty.be\\\/\"},{\"@type\":\"ListItem\",\"position\":2,\"name\":\"Nous recherchons pour vous\"}]},{\"@type\":\"WebSite\",\"@id\":\"https:\\\/\\\/www.flowrealproperty.be\\\/#website\",\"url\":\"https:\\\/\\\/www.flowrealproperty.be\\\/\",\"name\":\"Flow Real Property\",\"description\":\"Agence Immo \u00e0 Bruxelles\",\"potentialAction\":[{\"@type\":\"SearchAction\",\"target\":{\"@type\":\"EntryPoint\",\"urlTemplate\":\"https:\\\/\\\/www.flowrealproperty.be\\\/?s={search_term_string}\"},\"query-input\":{\"@type\":\"PropertyValueSpecification\",\"valueRequired\":true,\"valueName\":\"search_term_string\"}}],\"inLanguage\":\"nl-NL\"}]}<\/script>\n<!-- \/ Yoast SEO plugin. -->","yoast_head_json":{"title":"Nous recherchons pour vous - Flow Real Property","robots":{"index":"index","follow":"follow","max-snippet":"max-snippet:-1","max-image-preview":"max-image-preview:large","max-video-preview":"max-video-preview:-1"},"canonical":"https:\/\/www.flowrealproperty.be\/nl\/nous-recherchons-pour-vous\/","og_locale":"nl_NL","og_type":"article","og_title":"Nous recherchons pour vous - Flow Real Property","og_url":"https:\/\/www.flowrealproperty.be\/nl\/nous-recherchons-pour-vous\/","og_site_name":"Flow Real Property","article_modified_time":"2022-07-26T12:48:26+00:00","og_image":[{"url":"https:\/\/www.flowrealproperty.be\/wp-content\/uploads\/2021\/10\/1.png","type":"","width":"","height":""}],"twitter_card":"summary_large_image","twitter_misc":{"Geschatte leestijd":"5 minuten"},"schema":{"@context":"https:\/\/schema.org","@graph":[{"@type":"WebPage","@id":"https:\/\/www.flowrealproperty.be\/nous-recherchons-pour-vous\/","url":"https:\/\/www.flowrealproperty.be\/nous-recherchons-pour-vous\/","name":"Nous recherchons pour vous - Flow Real Property","isPartOf":{"@id":"https:\/\/www.flowrealproperty.be\/#website"},"primaryImageOfPage":{"@id":"https:\/\/www.flowrealproperty.be\/nous-recherchons-pour-vous\/#primaryimage"},"image":{"@id":"https:\/\/www.flowrealproperty.be\/nous-recherchons-pour-vous\/#primaryimage"},"thumbnailUrl":"https:\/\/www.flowrealproperty.be\/wp-content\/uploads\/2021\/10\/1.png","datePublished":"2021-12-10T10:01:50+00:00","dateModified":"2022-07-26T12:48:26+00:00","breadcrumb":{"@id":"https:\/\/www.flowrealproperty.be\/nous-recherchons-pour-vous\/#breadcrumb"},"inLanguage":"nl-NL","potentialAction":[{"@type":"ReadAction","target":["https:\/\/www.flowrealproperty.be\/nous-recherchons-pour-vous\/"]}]},{"@type":"ImageObject","inLanguage":"nl-NL","@id":"https:\/\/www.flowrealproperty.be\/nous-recherchons-pour-vous\/#primaryimage","url":"https:\/\/www.flowrealproperty.be\/wp-content\/uploads\/2021\/10\/1.png","contentUrl":"https:\/\/www.flowrealproperty.be\/wp-content\/uploads\/2021\/10\/1.png"},{"@type":"BreadcrumbList","@id":"https:\/\/www.flowrealproperty.be\/nous-recherchons-pour-vous\/#breadcrumb","itemListElement":[{"@type":"ListItem","position":1,"name":"Accueil","item":"https:\/\/www.flowrealproperty.be\/"},{"@type":"ListItem","position":2,"name":"Nous recherchons pour vous"}]},{"@type":"WebSite","@id":"https:\/\/www.flowrealproperty.be\/#website","url":"https:\/\/www.flowrealproperty.be\/","name":"Stroom Onroerend Goed","description":"Onroerend goed agentschap in Brussel","potentialAction":[{"@type":"SearchAction","target":{"@type":"EntryPoint","urlTemplate":"https:\/\/www.flowrealproperty.be\/?s={search_term_string}"},"query-input":{"@type":"PropertyValueSpecification","valueRequired":true,"valueName":"search_term_string"}}],"inLanguage":"nl-NL"}]}},"_links":{"self":[{"href":"https:\/\/www.flowrealproperty.be\/nl\/wp-json\/wp\/v2\/pages\/899","targetHints":{"allow":["GET"]}}],"collection":[{"href":"https:\/\/www.flowrealproperty.be\/nl\/wp-json\/wp\/v2\/pages"}],"about":[{"href":"https:\/\/www.flowrealproperty.be\/nl\/wp-json\/wp\/v2\/types\/page"}],"author":[{"embeddable":true,"href":"https:\/\/www.flowrealproperty.be\/nl\/wp-json\/wp\/v2\/users\/1"}],"replies":[{"embeddable":true,"href":"https:\/\/www.flowrealproperty.be\/nl\/wp-json\/wp\/v2\/comments?post=899"}],"version-history":[{"count":0,"href":"https:\/\/www.flowrealproperty.be\/nl\/wp-json\/wp\/v2\/pages\/899\/revisions"}],"wp:attachment":[{"href":"https:\/\/www.flowrealproperty.be\/nl\/wp-json\/wp\/v2\/media?parent=899"}],"curies":[{"name":"wp","href":"https:\/\/api.w.org\/{rel}","templated":true}]}}